{"id":1106,"date":"2020-01-04T01:30:53","date_gmt":"2020-01-04T00:30:53","guid":{"rendered":"https:\/\/manega.net\/?page_id=1106"},"modified":"2020-01-04T01:30:54","modified_gmt":"2020-01-04T00:30:54","slug":"la-dalle","status":"publish","type":"page","link":"https:\/\/manega.net\/index.php\/la-dalle\/","title":{"rendered":"La dalle"},"content":{"rendered":"<div id=\"pl-1106\"  class=\"panel-layout\" ><div id=\"pg-1106-0\"  class=\"panel-grid panel-no-style\" ><div id=\"pgc-1106-0-0\"  class=\"panel-grid-cell\" ><div id=\"panel-1106-0-0-0\" class=\"so-panel widget widget_sow-image panel-first-child\" data-index=\"0\" ><div\n\t\t\t\n\t\t\tclass=\"so-widget-sow-image so-widget-sow-image-default-334eeca80698-1106\"\n\t\t\t\n\t\t>\n\n<div class=\"sow-image-container\">\n\t\t<img loading=\"lazy\" decoding=\"async\" src=\"https:\/\/manega.net\/wp-content\/uploads\/2020\/01\/dalle.gif\" width=\"481\" height=\"293\" sizes=\"auto, (max-width: 481px) 100vw, 481px\" title=\"A l&#039;entr\u00e9e du Mus\u00e9e, la Dalle Africaine Sacr\u00e9e du Quart Monde\" alt=\"\" \t\tclass=\"so-widget-image\"\/>\n\t<\/div>\n\n<h3 class=\"widget-title\">A l'entr\u00e9e du Mus\u00e9e, la Dalle Africaine Sacr\u00e9e du Quart Monde<\/h3><\/div><\/div><div id=\"panel-1106-0-0-1\" class=\"so-panel widget widget_sow-editor panel-last-child\" data-index=\"1\" ><div\n\t\t\t\n\t\t\tclass=\"so-widget-sow-editor so-widget-sow-editor-base\"\n\t\t\t\n\t\t>\n<div class=\"siteorigin-widget-tinymce textwidget\">\n\t<p>L'histoire de Man\u00e9ga s'est enrichie le 12 F\u00e9vrier 1996 avec l'inauguration de l'un des monuments et sanctuaires des plus prestigieux du continent, \"LA DALLE AFRICAINE SACREE DU QUART MONDE\". On avait dit que par cela, Man\u00e9ga \u00e9tait devenue la Capitale Africaine des pauvres, l\u00e0 o\u00f9 les exclus du continent retrouvent leur dignit\u00e9 et leur force, l\u00e0 o\u00f9 l'Afrique exprime sa conscience de la mis\u00e8re et sa d\u00e9termination \u00e0 son \u00e9radication.<\/p>\n<p>Un de mes ouvrages \"LA DALLE DU QUART MONDE A MANEGA\" est consacr\u00e9 \u00e0 l'histoire, \u00e0 la composition, aux objectifs de cette dalle ; nous ne r\u00e9servons ici qu'une introduction \u00e0 relever de l'histoire de Man\u00e9ga, le lecteur pour de plus amples informations pouvant consulter l'ouvrage pr\u00e9cit\u00e9 qui explicite.<\/p>\n<h3><strong>HISTOIRE DE LA DALLE<\/strong><\/h3>\n<p>Il faut remonter aux luttes courageuses et lumineuses du P\u00e8re Joseph WRESINSKI n\u00e9 lui-m\u00eame dans la mis\u00e8re, qui s'insurgera \u00e0 Paris en 1957, contre l'exclusion du monde, des gens \u00e0 l'extr\u00eame mis\u00e8re. Il fonda \u00e0 Noisy-le-Grand le mouvement \"Aide \u00e0 Toute D\u00e9tresse - Quart Monde\" (A.T.D.- QUART MONDE).<\/p>\n<p>Le 17 Octobre 1987, avec 100 000 personnes de toutes les couches sociales, venues de tous les continents, il scelle une Dalle \u00e0 Paris, sur le Parvis des Libert\u00e9s et des Droits de l'Homme, avec son fronton l'inscription historique : \"L\u00e0 o\u00f9 les Hommes sont condamn\u00e9s \u00e0 vivre dans la mis\u00e8re, les Droits de l'Homme sont viol\u00e9s. S'unir pour les faire respecter est un devoir sacr\u00e9\".<\/p>\n<p>Depuis le 22 D\u00e9cembre 1992, une r\u00e9solution de l'ONU a fait de la journ\u00e9e du 17 Octobre, la <strong>Journ\u00e9e Mondiale du Refus de la Mis\u00e8re<\/strong>.<\/p>\n<p>Une dizaine de r\u00e9pliques de cette Dalle ont \u00e9t\u00e9 faites dans le monde qui t\u00e9moignent du respect d\u00fb aux victimes de la mis\u00e8re et de la n\u00e9cessit\u00e9 d'\u00e9radiquer cette mis\u00e8re.<\/p>\n<p>A Man\u00e9ga au Burkina Faso, a \u00e9t\u00e9 scell\u00e9 et inaugur\u00e9 le 12 F\u00e9vrier 1996, jour anniversaire de la naissance du P\u00e8re Joseph, la premi\u00e8re Dalle implant\u00e9e en Afrique, qui s'est voulue \u00eatre la Dalle Africaine du Quart Monde. L'inauguration a \u00e9t\u00e9 faite en pr\u00e9sence :<\/p>\n<p>des Autorit\u00e9s Publiques, Civiles, Coutumi\u00e8res au plus haut degr\u00e9, des Organisations Diplomatiques et Internationales ;<\/p>\n<p>de Madame A. A. DEVOS, Pr\u00e9sidente du Mouvement International A.T.D. Quart Monde, entour\u00e9e de plusieurs membres du Conseil d'Administration du Mouvement, venus du B\u00e9nin, du Burkina Faso, de la C\u00f4te d'Ivoire, de la France ;<\/p>\n<p>des familles du Quart Monde, des Volontaires, Alli\u00e9s, \u00e9quipes venues des pays suscit\u00e9s et du S\u00e9n\u00e9gal.<\/p>\n<h3><strong>LE PARVIS<\/strong><\/h3>\n<p>Le parvis sur lequel est scell\u00e9 la Dalle a la forme de l'Afrique, d'une surface carr\u00e9e de 33 m\u00e8tres de c\u00f4t\u00e9 ; elle est couverte de marbre reconstitu\u00e9, de carreaux et granites, soit 1000 m\u00e8tres carr\u00e9s. L'Afrique des Nations est mat\u00e9rialis\u00e9e sur les bas c\u00f4t\u00e9s en carreaux de coloris par les 53 drapeaux du Continent et Madagascar. Deux ob\u00e9lisques de 14 m\u00e8tres de hauteur chaque, dominent l'esplanade ; ils sont tapiss\u00e9s de t\u00eates de \"<strong>Yakouga<\/strong>\" ou \"<strong>Pierres Tombales<\/strong>\".<\/p>\n<p>Les ob\u00e9lisques s'\u00e9tirent en hauteur en s'amincissant vers le ciel. C'est l'id\u00e9e d'une mont\u00e9e vers les nues, d'une qu\u00eate de la perfection, d'une qu\u00eate des droits pour tous les hommes de la terre, en particulier, les pauvres et les d\u00e9munis.<\/p>\n<h3><strong>LA DALLE ET LES ECRITURES<\/strong><\/h3>\n<p>Une des originalit\u00e9s de la Dalle de Man\u00e9ga est qu'\u00e0 la diff\u00e9rence des Dalles ant\u00e9rieures, elle n'est pas en marbre, mais en bronze. Pour la Dalle, on a voulu que le bronze par sa beaut\u00e9, son volume, son poids, traduise la volont\u00e9 profonde et extr\u00eame de la r\u00e9plique de la Dalle, mais aussi, la n\u00e9cessit\u00e9 d'une empreinte du milieu \u00e0 lui donner un surcro\u00eet d'\u00e2me.<\/p>\n<p>La Dalle porte, outre l'embl\u00e8me en son centre, la phrase profonde pr\u00e9cit\u00e9e : \"L\u00e0 o\u00f9 les Hommes sont condamn\u00e9s \u00e0 vivre dans la mis\u00e8re, les Droits de l'Homme sont viol\u00e9s. S'unir pour les faire respecter est un devoir sacr\u00e9\".<\/p>\n<p>Cette phrase est reprise en langue moor\u00e9 (premi\u00e8re langue nationale du Burkina Faso) : \"Ziig ning faan neb sen vi ne fare, A faagda buum la burkidlem zems taaba n ku fare yaa burkin tuum pakr\u00e9\".<\/p>\n<p>La Dalle est orient\u00e9e Est-Ouest, c'est-\u00e0-dire qu'il faut \u00eatre du c\u00f4t\u00e9 Ouest conform\u00e9ment \u00e0 la coutume du milieu, le visage tourn\u00e9 vers le soleil levant, pour lire les \u00e9critures. Cela signifie aussi que pour comprendre l'Afrique, il faut \u00eatre dans la profondeur du continent et lire l'Afrique de l'int\u00e9rieur.<\/p>\n<p>Il est d'autres \u00e9critures sur le parvis : ainsi une phrase reproduite du langage traditionnel existe en moor\u00e9 et en fran\u00e7ais sur les ob\u00e9lisques. \"D pui naongo, n ku naongo\" ; \"Partageons la mis\u00e8re, nous tuerons la mis\u00e8re\".<\/p>\n<p>Par ailleurs la phrase du P\u00e8re Joseph, \"Chaque homme porte en lui la chance de l'humanit\u00e9\" est reproduite en moor\u00e9, en fulfuld\u00e9, en diola (trois langues nationales du Burkian Faso), mais aussi en wolof, en anglais, en espagnol, en allemand, en arabe.<\/p>\n<h3><strong>LES TERRES DE LA TERRE<\/strong><\/h3>\n<p>Il repose sous la Dalle de Man\u00e9ga des terres venues de tous les horizons, de toutes les conditions, de tous les \u00e2ges.<\/p>\n<h4><strong>Les Terres du Monde<\/strong><\/h4>\n<p>En 1989, 350 familles de 24 pays du globe d\u00e9cid\u00e8rent d'offrir ce qu'elles ont de grand, de bien, \u00e0 l'une des plus hautes autorit\u00e9s morales du monde, sa Saintet\u00e9 le Pape, \u00e0 Rome, en signe de l'universalit\u00e9 de leur condition, mais aussi en signe d'affirmation de leur existence dans la communaut\u00e9 de leurs liens avec l'Autorit\u00e9 tout court participant de la gestion de leur vie et du monde.<\/p>\n<p>Les terres arriv\u00e9es, furent b\u00e9nies, rassembl\u00e9es, partag\u00e9es entre les diff\u00e9rentes d\u00e9l\u00e9gations apr\u00e8s remise d'une part \u00e0 sa Saintet\u00e9 le Pape et une autre part \u00e0 \u00eatre enterr\u00e9e pr\u00e8s la derni\u00e8re demeure du P\u00e8re Joseph, \u00e0 Mery en France.<\/p>\n<p>C'est la part du Burkina Faso comportant les terres des 24 pays, qui nous fut remise et qui repose d\u00e9sormais sous la Dalle. Il s'agit :<\/p>\n<p><strong>AFRIQUE<\/strong> : Burkina Faso, Centre Afrique, C\u00f4te d'Ivoire, Nigeria, Kenya, Ile Maurice, Ouganda, S\u00e9n\u00e9gal ;<\/p>\n<p><strong>AMERIQUE<\/strong> : Canada, Etats-Unis, Guatemala, Ha\u00efti, Uruguay ;<\/p>\n<p><strong>ASIE<\/strong> : Inde, Philippines, Sri Lanka, Tha\u00eflande ;<\/p>\n<p><strong>EUROPE<\/strong> : Allemagne, Belgique, France et Dom, R\u00e9union, Grande Bretagne, Luxembourg, Pays Bas.<\/p>\n<h4><strong>Les Terres de A.T.D. Quart Monde<\/strong><\/h4>\n<p>Il s'agit ici des Terres sp\u00e9ciales li\u00e9es directement \u00e0 la vie du mouvement A.T.D. Quart Monde. Il repose au centre de la Terre du Parvis :<\/p>\n<ul>\n<li>La terre pr\u00e9lev\u00e9e de la Tombe o\u00f9 repose le P\u00e8re Joseph WRESINSKI \u00e0 Mery sur Oise, fondateur du mouvement ;<\/li>\n<li>La terre de Noisy-le-Grand o\u00f9 furent jet\u00e9es les bases de la lutte sans r\u00e9pit contre la Mis\u00e8re et l'Exclusion ;<\/li>\n<li>La terre de la Cour aux Cent M\u00e9tiers de Ouagadougou, c\u0153ur organis\u00e9 au Burkina Faso de la lutte contre la mis\u00e8re.<\/li>\n<\/ul>\n<h4><strong>Les Terres de l'Afrique profonde<\/strong><\/h4>\n<p>En la mati\u00e8re, il repose sous la Dalle des \u00e9chantillons de terres sp\u00e9ciales, venues de divers horizons ; citons entre autres : le Palais des Rois d'Abomey, le Camp Boiro de Guin\u00e9e (Guin\u00e9e), la Maison des esclaves de l'\u00cele de Gor\u00e9e, etc. Citons des terres qui viennent d'\u00eatre ensevelies, celle du g\u00e9nocide du Rwanda, pr\u00e9lev\u00e9e d'une fosse commune o\u00f9 furent ensevelis 300 enfants massacr\u00e9s ; citons celle du B\u00fbdrer, de l'enfer de Kibimba au Burundi, o\u00f9 autant d'enfants et de paysans furent la proie de b\u00fbchers.<\/p>\n<h4><strong>Les Terres du Burkina Faso<\/strong><\/h4>\n<p>Elles parviennent des Tombes des fondateurs d'empire, des lieux de culte, de qu\u00eate de bonheur, d'\u00e9galit\u00e9 et de droits entre les hommes.<\/p>\n<h4><strong>Les Terres de Man\u00e9ga<\/strong><\/h4>\n<p>La terre de Man\u00e9ga, site de la Dalle, fait reposer sous celle-ci sa terre ; il s'agit d'une conjugaison de terres de ce que la r\u00e9gion comporte de valeurs essentielles et profondes souvent de plus d'un mill\u00e9naire.<\/p>\n<p>La Dalle est devenue un symbole de l'Afrique, un carrefour de croyances et d'espoir, un pi\u00e9destal, un levier pour le bonheur des hommes. En raison de sa composition impliquant diverses fois, philosophies ou m\u00e9taphysiques, des hommes en qu\u00eate de solutions, d'inqui\u00e9tudes ou de sant\u00e9, y effectuent des p\u00e8lerinages discrets. Faut-il rappeler que cette Dalle renferme des Terres pr\u00e9lev\u00e9es dans des Eglises, des Mosqu\u00e9es, des Sanctuaires traditionnels de diverses religions, des terres tir\u00e9es de tombes telles que celles des fondateurs d'empires africains ou de tombes m\u00eame de l'occident (la tombe de Saint Mesnils des \u00e9coles chr\u00e9tiennes par exemple). Cette Dalle de Man\u00e9ga se veut \u00eatre une vie active de rappel et de lutte contre la Pauvret\u00e9.<\/p>\n<h3><strong>LA MARCHE DE LA DALLE<\/strong><\/h3>\n<p>A l'occasion du premier anniversaire de son inauguration (12 F\u00e9vrier 1997), les familles du Quart Monde avec une d\u00e9l\u00e9gation de la Direction du Mouvement A.T.D. Quart Monde et une d\u00e9l\u00e9gation du Comit\u00e9 de la Dalle \u00e0 Paris, ont fait une marche de Ouagadougou \u00e0 la Dalle (50 km) au rythme du plus d\u00e9muni, lent, pour que tout le monde puisse participer ; ce fut un recueillement en fin de parcours, des m\u00e9ditations et prises de d\u00e9cisions pour actions constructives contre la mis\u00e8re.<\/p>\n<p>Pour compter du 12 F\u00e9vrier 1998, cette marche aura lieu tous les deux ans, avec participation de d\u00e9l\u00e9gations en provenance de tous les pays africains o\u00f9 il existe une d\u00e9l\u00e9gation du mouvement ATD Quart Monde outre le si\u00e8ge du mouvement et le Comit\u00e9 de la Dalle (Paris).<\/p>\n<p>Ce jour, se tiendra aussi autour de la Dalle comme ce fut le cas en 1997 ce qu'il est convenu d'appeler le \"<strong>MARCHE<\/strong>\" de la Dalle, un dassandaga dans l'expression du milieu, un march\u00e9 populaire o\u00f9 l'objectif est le lien de c\u0153ur entre tous les exposants ; les supers march\u00e9s et les vendeurs individuels de beignets ou de cacahu\u00e8tes doivent fraterniser et jamais s'exclure.<\/p>\n<p>Cette Dalle Africaine Sacr\u00e9e du Quart Monde ajoute une autre dimension \u00e0 l'histoire de Man\u00e9ga.<\/p>\n<\/div>\n<\/div><\/div><\/div><\/div><\/div>","protected":false},"excerpt":{"rendered":"<p>L&rsquo;histoire de Man\u00e9ga s&rsquo;est enrichie le 12 F\u00e9vrier 1996 avec l&rsquo;inauguration de l&rsquo;un des monuments et sanctuaires des plus prestigieux du continent, \u00ab\u00a0LA DALLE AFRICAINE SACREE DU QUART MONDE\u00a0\u00bb. On avait dit que par cela, Man\u00e9ga \u00e9tait devenue la Capitale Africaine des pauvres, l\u00e0 o\u00f9 les exclus du continent retrouvent leur dignit\u00e9 et leur force, l\u00e0 o\u00f9 l&rsquo;Afrique exprime sa conscience de la mis\u00e8re et sa d\u00e9termination \u00e0 son \u00e9radication. Un de mes ouvrages \u00ab\u00a0LA DALLE DU QUART MONDE A MANEGA\u00a0\u00bb est consacr\u00e9 \u00e0 l&rsquo;histoire, \u00e0 la composition, aux objectifs de cette dalle ; nous ne r\u00e9servons ici qu&rsquo;une introduction \u00e0 relever de l&rsquo;histoire de Man\u00e9ga, le lecteur pour de plus amples informations pouvant consulter l&rsquo;ouvrage pr\u00e9cit\u00e9 qui explicite. HISTOIRE DE LA DALLE Il faut remonter aux luttes courageuses et lumineuses du P\u00e8re Joseph WRESINSKI n\u00e9 lui-m\u00eame dans la mis\u00e8re, qui s&rsquo;insurgera \u00e0 Paris en 1957, contre l&rsquo;exclusion du monde, des gens \u00e0 l&rsquo;extr\u00eame mis\u00e8re. Il fonda \u00e0 Noisy-le-Grand le mouvement \u00ab\u00a0Aide \u00e0 Toute D\u00e9tresse &#8211; Quart Monde\u00a0\u00bb (A.T.D.- QUART MONDE). Le 17 Octobre 1987, avec 100 000 personnes de toutes les couches sociales, venues de tous les continents, il scelle une Dalle \u00e0 Paris, sur le Parvis des Libert\u00e9s et des Droits de l&rsquo;Homme, avec son fronton l&rsquo;inscription historique : \u00ab\u00a0L\u00e0 o\u00f9 les Hommes sont condamn\u00e9s \u00e0 vivre dans la mis\u00e8re, les Droits de l&rsquo;Homme sont viol\u00e9s. S&rsquo;unir pour les faire respecter est un devoir sacr\u00e9\u00a0\u00bb. Depuis le 22 D\u00e9cembre 1992, une r\u00e9solution de l&rsquo;ONU a fait de la journ\u00e9e du 17 Octobre, la Journ\u00e9e Mondiale du Refus de la Mis\u00e8re. Une dizaine de r\u00e9pliques de cette Dalle ont \u00e9t\u00e9 faites dans le monde qui t\u00e9moignent du respect d\u00fb aux victimes de la mis\u00e8re et de la n\u00e9cessit\u00e9 d&rsquo;\u00e9radiquer cette mis\u00e8re. A Man\u00e9ga au Burkina Faso, a \u00e9t\u00e9 scell\u00e9 et inaugur\u00e9 le 12 F\u00e9vrier 1996, jour anniversaire de la naissance du P\u00e8re Joseph, la premi\u00e8re Dalle implant\u00e9e en Afrique, qui s&rsquo;est voulue \u00eatre la Dalle Africaine du Quart Monde. L&rsquo;inauguration a \u00e9t\u00e9 faite en pr\u00e9sence : des Autorit\u00e9s Publiques, Civiles, Coutumi\u00e8res au plus haut degr\u00e9, des Organisations Diplomatiques et Internationales ; de Madame A. A. DEVOS, Pr\u00e9sidente du Mouvement International A.T.D. Quart Monde, entour\u00e9e de plusieurs membres du Conseil d&rsquo;Administration du Mouvement, venus du B\u00e9nin, du Burkina Faso, de la C\u00f4te d&rsquo;Ivoire, de la France ; des familles du Quart Monde, des Volontaires, Alli\u00e9s, \u00e9quipes venues des pays suscit\u00e9s et du S\u00e9n\u00e9gal. LE PARVIS Le parvis sur lequel est scell\u00e9 la Dalle a la forme de l&rsquo;Afrique, d&rsquo;une surface carr\u00e9e de 33 m\u00e8tres de c\u00f4t\u00e9 ; elle est couverte de marbre reconstitu\u00e9, de carreaux et granites, soit 1000 m\u00e8tres carr\u00e9s. L&rsquo;Afrique des Nations est mat\u00e9rialis\u00e9e sur les bas c\u00f4t\u00e9s en carreaux de coloris par les 53 drapeaux du Continent et Madagascar. Deux ob\u00e9lisques de 14 m\u00e8tres de hauteur chaque, dominent l&rsquo;esplanade ; ils sont tapiss\u00e9s de t\u00eates de \u00ab\u00a0Yakouga\u00a0\u00bb ou \u00ab\u00a0Pierres Tombales\u00a0\u00bb. Les ob\u00e9lisques s&rsquo;\u00e9tirent en hauteur en s&rsquo;amincissant vers le ciel. C&rsquo;est l&rsquo;id\u00e9e d&rsquo;une mont\u00e9e vers les nues, d&rsquo;une qu\u00eate de la perfection, d&rsquo;une qu\u00eate des droits pour tous les hommes de la terre, en particulier, les pauvres [&hellip;]<\/p>\n","protected":false},"author":1,"featured_media":1107,"parent":0,"menu_order":0,"comment_status":"closed","ping_status":"closed","template":"","meta":{"footnotes":""},"class_list":["post-1106","page","type-page","status-publish","has-post-thumbnail","hentry"],"_links":{"self":[{"href":"https:\/\/manega.net\/index.php\/wp-json\/wp\/v2\/pages\/1106","targetHints":{"allow":["GET"]}}],"collection":[{"href":"https:\/\/manega.net\/index.php\/wp-json\/wp\/v2\/pages"}],"about":[{"href":"https:\/\/manega.net\/index.php\/wp-json\/wp\/v2\/types\/page"}],"author":[{"embeddable":true,"href":"https:\/\/manega.net\/index.php\/wp-json\/wp\/v2\/users\/1"}],"replies":[{"embeddable":true,"href":"https:\/\/manega.net\/index.php\/wp-json\/wp\/v2\/comments?post=1106"}],"version-history":[{"count":6,"href":"https:\/\/manega.net\/index.php\/wp-json\/wp\/v2\/pages\/1106\/revisions"}],"predecessor-version":[{"id":1113,"href":"https:\/\/manega.net\/index.php\/wp-json\/wp\/v2\/pages\/1106\/revisions\/1113"}],"wp:featuredmedia":[{"embeddable":true,"href":"https:\/\/manega.net\/index.php\/wp-json\/wp\/v2\/media\/1107"}],"wp:attachment":[{"href":"https:\/\/manega.net\/index.php\/wp-json\/wp\/v2\/media?parent=1106"}],"curies":[{"name":"wp","href":"https:\/\/api.w.org\/{rel}","templated":true}]}}