{"id":1131,"date":"2020-01-04T01:50:57","date_gmt":"2020-01-04T00:50:57","guid":{"rendered":"https:\/\/manega.net\/?page_id=1131"},"modified":"2020-01-04T01:50:57","modified_gmt":"2020-01-04T00:50:57","slug":"les-chasseurs","status":"publish","type":"page","link":"https:\/\/manega.net\/index.php\/les-chasseurs\/","title":{"rendered":"Les chasseurs"},"content":{"rendered":"<div id=\"pl-1131\"  class=\"panel-layout\" ><div id=\"pg-1131-0\"  class=\"panel-grid panel-no-style\" ><div id=\"pgc-1131-0-0\"  class=\"panel-grid-cell\" ><div id=\"panel-1131-0-0-0\" class=\"so-panel widget widget_sow-image panel-first-child\" data-index=\"0\" ><div\n\t\t\t\n\t\t\tclass=\"so-widget-sow-image so-widget-sow-image-default-334eeca80698-1131\"\n\t\t\t\n\t\t>\n\n<div class=\"sow-image-container\">\n\t\t<img loading=\"lazy\" decoding=\"async\" src=\"https:\/\/manega.net\/wp-content\/uploads\/2020\/01\/fusil.jpg\" width=\"550\" height=\"123\" srcset=\"https:\/\/manega.net\/wp-content\/uploads\/2020\/01\/fusil.jpg 550w, https:\/\/manega.net\/wp-content\/uploads\/2020\/01\/fusil-300x67.jpg 300w\" sizes=\"auto, (max-width: 550px) 100vw, 550px\" title=\"Fusil \u00e0 cailloux, remontant souvent \u00e0 plusieurs si\u00e8cles\" alt=\"\" \t\tclass=\"so-widget-image\"\/>\n\t<\/div>\n\n<h3 class=\"widget-title\">Fusil \u00e0 cailloux, remontant souvent \u00e0 plusieurs si\u00e8cles<\/h3><\/div><\/div><div id=\"panel-1131-0-0-1\" class=\"so-panel widget widget_sow-editor panel-last-child\" data-index=\"1\" ><div\n\t\t\t\n\t\t\tclass=\"so-widget-sow-editor so-widget-sow-editor-base\"\n\t\t\t\n\t\t>\n<div class=\"siteorigin-widget-tinymce textwidget\">\n\t<p>Dans ce milieu, le chasseur est en m\u00eame temps le guerrier. Dans les p\u00e9riodes calmes, il fait tout pour approvisionner la collectivit\u00e9 en nourriture (la brousse lointaine, la viande sauvage). Mais lors des hostilit\u00e9s, lors des bellig\u00e9rances, quand l\u2019honneur est en cause, il devient guerrier. Notons qu\u2019il n\u2019y avait pas d\u2019arm\u00e9e nationale. Ce peuple a toujours eu peur d\u2019une organisation militaire \u00e0 l\u2019\u00e9chelon national. Il y avait donc des d\u00e9centralisations sous l\u2019angle de l\u2019arm\u00e9e.<\/p>\n<p>Les fusils remontent souvent \u00e0 plusieurs si\u00e8cles. Ce sont des fusils qui ont \u00e9t\u00e9 fabriqu\u00e9s dans le milieu traditionnel, qui utilisent des cailloux \u00e0 la place des balles, mais qui peuvent tuer aussi bien des perdreaux que des \u00e9l\u00e9phants ou des lions.<\/p>\n<p>L\u2019ordre des chasseurs qui est souvent un ordre mystique parce que devant aller en brousse, lutter souvent contre des animaux qui sont plut\u00f4t des g\u00e9nies de la for\u00eat, l\u2019ordre des chasseurs est des plus respect\u00e9 dans ce milieu traditionnel. N\u2019est pas chasseur qui le veut ; il y a souvent une question d\u2019origine et de famille qui s\u2019impose m\u00eame si aujourd\u2019hui avec l\u2019av\u00e8nement des arm\u00e9es modernes, on a fini par d\u00e9mocratiser la fonction de chasseur.<\/p>\n<p>Le chasseur a pour devise \" <strong>la brousse vaut mieux que la ville<\/strong> \" parce que sa grande partie de vie se trouvait en brousse. Il dort peut-\u00eatre le jour et il se r\u00e9veille la nuit. C\u2019est dire que sa vie se trouve quelque peu \u00eatre \u00e0 l\u2019envers des autres.<\/p>\n<p>&nbsp;<\/p>\n<p style=\"text-align: center;\"><img loading=\"lazy\" decoding=\"async\" width=\"300\" height=\"154\" class=\"size-medium wp-image-1134 aligncenter\" src=\"https:\/\/manega.net\/wp-content\/uploads\/2020\/01\/chasseur_tab2-300x154.gif\" alt=\"\"\/><strong><em>&nbsp;Une reproduction de la nature telle qu'elle appara\u00eet pour le chasseur<\/em><\/strong><\/p>\n<p style=\"text-align: center;\">&nbsp;<\/p>\n<p><img loading=\"lazy\" decoding=\"async\" width=\"300\" height=\"154\" class=\"size-medium wp-image-1133 aligncenter\" src=\"https:\/\/manega.net\/wp-content\/uploads\/2020\/01\/chasseur_tab1-300x154.jpg\" alt=\"\" srcset=\"https:\/\/manega.net\/wp-content\/uploads\/2020\/01\/chasseur_tab1-300x154.jpg 300w, https:\/\/manega.net\/wp-content\/uploads\/2020\/01\/chasseur_tab1.jpg 420w\" sizes=\"auto, (max-width: 300px) 100vw, 300px\" \/><\/p>\n<p style=\"text-align: center;\"><em><strong><small>L'univers du chasseur<\/small><\/strong><\/em><\/p>\n<\/div>\n<\/div><\/div><\/div><\/div><\/div>","protected":false},"excerpt":{"rendered":"<p>Dans ce milieu, le chasseur est en m\u00eame temps le guerrier. Dans les p\u00e9riodes calmes, il fait tout pour approvisionner la collectivit\u00e9 en nourriture (la brousse lointaine, la viande sauvage). Mais lors des hostilit\u00e9s, lors des bellig\u00e9rances, quand l\u2019honneur est en cause, il devient guerrier. Notons qu\u2019il n\u2019y avait pas d\u2019arm\u00e9e nationale. Ce peuple a toujours eu peur d\u2019une organisation militaire \u00e0 l\u2019\u00e9chelon national. Il y avait donc des d\u00e9centralisations sous l\u2019angle de l\u2019arm\u00e9e. Les fusils remontent souvent \u00e0 plusieurs si\u00e8cles. Ce sont des fusils qui ont \u00e9t\u00e9 fabriqu\u00e9s dans le milieu traditionnel, qui utilisent des cailloux \u00e0 la place des balles, mais qui peuvent tuer aussi bien des perdreaux que des \u00e9l\u00e9phants ou des lions. L\u2019ordre des chasseurs qui est souvent un ordre mystique parce que devant aller en brousse, lutter souvent contre des animaux qui sont plut\u00f4t des g\u00e9nies de la for\u00eat, l\u2019ordre des chasseurs est des plus respect\u00e9 dans ce milieu traditionnel. N\u2019est pas chasseur qui le veut ; il y a souvent une question d\u2019origine et de famille qui s\u2019impose m\u00eame si aujourd\u2019hui avec l\u2019av\u00e8nement des arm\u00e9es modernes, on a fini par d\u00e9mocratiser la fonction de chasseur. Le chasseur a pour devise \u00a0\u00bb la brousse vaut mieux que la ville \u00a0\u00bb parce que sa grande partie de vie se trouvait en brousse. Il dort peut-\u00eatre le jour et il se r\u00e9veille la nuit. C\u2019est dire que sa vie se trouve quelque peu \u00eatre \u00e0 l\u2019envers des autres. &nbsp; &nbsp;Une reproduction de la nature telle qu&rsquo;elle appara\u00eet pour le chasseur &nbsp; L&rsquo;univers du chasseur<\/p>\n","protected":false},"author":1,"featured_media":1134,"parent":0,"menu_order":0,"comment_status":"closed","ping_status":"closed","template":"","meta":{"footnotes":""},"class_list":["post-1131","page","type-page","status-publish","has-post-thumbnail","hentry"],"_links":{"self":[{"href":"https:\/\/manega.net\/index.php\/wp-json\/wp\/v2\/pages\/1131","targetHints":{"allow":["GET"]}}],"collection":[{"href":"https:\/\/manega.net\/index.php\/wp-json\/wp\/v2\/pages"}],"about":[{"href":"https:\/\/manega.net\/index.php\/wp-json\/wp\/v2\/types\/page"}],"author":[{"embeddable":true,"href":"https:\/\/manega.net\/index.php\/wp-json\/wp\/v2\/users\/1"}],"replies":[{"embeddable":true,"href":"https:\/\/manega.net\/index.php\/wp-json\/wp\/v2\/comments?post=1131"}],"version-history":[{"count":8,"href":"https:\/\/manega.net\/index.php\/wp-json\/wp\/v2\/pages\/1131\/revisions"}],"predecessor-version":[{"id":1142,"href":"https:\/\/manega.net\/index.php\/wp-json\/wp\/v2\/pages\/1131\/revisions\/1142"}],"wp:featuredmedia":[{"embeddable":true,"href":"https:\/\/manega.net\/index.php\/wp-json\/wp\/v2\/media\/1134"}],"wp:attachment":[{"href":"https:\/\/manega.net\/index.php\/wp-json\/wp\/v2\/media?parent=1131"}],"curies":[{"name":"wp","href":"https:\/\/api.w.org\/{rel}","templated":true}]}}