{"id":1178,"date":"2020-01-04T02:26:36","date_gmt":"2020-01-04T01:26:36","guid":{"rendered":"https:\/\/manega.net\/?page_id=1178"},"modified":"2020-01-04T02:26:36","modified_gmt":"2020-01-04T01:26:36","slug":"pavillon-youyounse","status":"publish","type":"page","link":"https:\/\/manega.net\/index.php\/pavillon-youyounse\/","title":{"rendered":"Pavillon YOUYOUNSE"},"content":{"rendered":"<div id=\"pl-1178\"  class=\"panel-layout\" ><div id=\"pg-1178-0\"  class=\"panel-grid panel-no-style\" ><div id=\"pgc-1178-0-0\"  class=\"panel-grid-cell\" ><div id=\"panel-1178-0-0-0\" class=\"so-panel widget widget_sow-editor panel-first-child panel-last-child\" data-index=\"0\" ><div\n\t\t\t\n\t\t\tclass=\"so-widget-sow-editor so-widget-sow-editor-base\"\n\t\t\t\n\t\t>\n<div class=\"siteorigin-widget-tinymce textwidget\">\n\t<p style=\"text-align: right;\"><strong><em>Le Masque SOUKOU-REOGO (Phacoch\u00e8re) de la terreur<\/em><\/strong><\/p>\n<p><strong>A<\/strong> l\u2019origine des temps, Naab A Ziid Wend\u00e9 (Dieu) Cr\u00e9a l\u2019absence et la vie ;<img loading=\"lazy\" decoding=\"async\" width=\"400\" height=\"274\" class=\"size-full wp-image-1179 alignright\" src=\"https:\/\/manega.net\/wp-content\/uploads\/2020\/01\/masque_soukoureogo.jpg\" alt=\"\" srcset=\"https:\/\/manega.net\/wp-content\/uploads\/2020\/01\/masque_soukoureogo.jpg 400w, https:\/\/manega.net\/wp-content\/uploads\/2020\/01\/masque_soukoureogo-300x206.jpg 300w\" sizes=\"auto, (max-width: 400px) 100vw, 400px\" \/><\/p>\n<p>Il cr\u00e9a la mort, Il cr\u00e9a la foudre, La temp\u00eate Et Le tourbillon ;<\/p>\n<p>Il cr\u00e9a le Bois Fourchu, Qui tue ; Il cr\u00e9a la Hache Sacr\u00e9e Qui tue ;<\/p>\n<p>Enfin, Il cr\u00e9a l\u2019Homme Et La Justice qui venge.<\/p>\n<p>(Ma\u00eetre Titinga Fr\u00e9d\u00e9ric PACERE Principes sacr\u00e9s des Younyons\u00e9)<\/p>\n<p>&nbsp;<\/p>\n<p>&nbsp;<\/p>\n<p>&nbsp;<\/p>\n<p>&nbsp;<\/p>\n<p style=\"text-align: right;\">&nbsp;<\/p>\n<\/div>\n<\/div><\/div><\/div><\/div><\/div>","protected":false},"excerpt":{"rendered":"<p>Le Masque SOUKOU-REOGO (Phacoch\u00e8re) de la terreur A l\u2019origine des temps, Naab A Ziid Wend\u00e9 (Dieu) Cr\u00e9a l\u2019absence et la vie ; Il cr\u00e9a la mort, Il cr\u00e9a la foudre, La temp\u00eate Et Le tourbillon ; Il cr\u00e9a le Bois Fourchu, Qui tue ; Il cr\u00e9a la Hache Sacr\u00e9e Qui tue ; Enfin, Il cr\u00e9a l\u2019Homme Et La Justice qui venge. (Ma\u00eetre Titinga Fr\u00e9d\u00e9ric PACERE Principes sacr\u00e9s des Younyons\u00e9) &nbsp; &nbsp; &nbsp; &nbsp; &nbsp;<\/p>\n","protected":false},"author":1,"featured_media":0,"parent":0,"menu_order":0,"comment_status":"closed","ping_status":"closed","template":"","meta":{"footnotes":""},"class_list":["post-1178","page","type-page","status-publish","hentry"],"_links":{"self":[{"href":"https:\/\/manega.net\/index.php\/wp-json\/wp\/v2\/pages\/1178","targetHints":{"allow":["GET"]}}],"collection":[{"href":"https:\/\/manega.net\/index.php\/wp-json\/wp\/v2\/pages"}],"about":[{"href":"https:\/\/manega.net\/index.php\/wp-json\/wp\/v2\/types\/page"}],"author":[{"embeddable":true,"href":"https:\/\/manega.net\/index.php\/wp-json\/wp\/v2\/users\/1"}],"replies":[{"embeddable":true,"href":"https:\/\/manega.net\/index.php\/wp-json\/wp\/v2\/comments?post=1178"}],"version-history":[{"count":5,"href":"https:\/\/manega.net\/index.php\/wp-json\/wp\/v2\/pages\/1178\/revisions"}],"predecessor-version":[{"id":1184,"href":"https:\/\/manega.net\/index.php\/wp-json\/wp\/v2\/pages\/1178\/revisions\/1184"}],"wp:attachment":[{"href":"https:\/\/manega.net\/index.php\/wp-json\/wp\/v2\/media?parent=1178"}],"curies":[{"name":"wp","href":"https:\/\/api.w.org\/{rel}","templated":true}]}}