{"id":12,"date":"2015-07-15T14:18:35","date_gmt":"2015-07-15T14:18:35","guid":{"rendered":"http:\/\/localhost:8888\/vestige\/?page_id=12"},"modified":"2015-07-15T14:18:35","modified_gmt":"2015-07-15T14:18:35","slug":"home","status":"publish","type":"page","link":"https:\/\/manega.net\/index.php\/home\/","title":{"rendered":"Home"},"content":{"rendered":"<div id=\"pl-12\"  class=\"panel-layout\" ><div id=\"pg-12-0\"  class=\"panel-grid panel-has-style\" ><div class=\"noticebar siteorigin-panels-stretch panel-row-style panel-row-style-for-12-0\" data-stretch-type=\"full\" ><div id=\"pgc-12-0-0\"  class=\"panel-grid-cell\" ><div id=\"panel-12-0-0-0\" class=\"so-panel widget widget_sow-cta panel-first-child panel-last-child\" data-index=\"0\" ><div\n\t\t\t\n\t\t\tclass=\"so-widget-sow-cta so-widget-sow-cta-default-f5b00a9675d6-12\"\n\t\t\t\n\t\t><div\n\tclass=\"sow-cta-base\"\n\t>\n\t\n\t<div class=\"sow-cta-wrapper\">\n\n\t\t<div class=\"sow-cta-text\">\n\t\t\t\t\t\t\t<h4 class=\"sow-cta-title\">\n\t\t\t\t\tPlanning to visit Vestige? Look at the timetable for the upcoming exhibitions.\t\t\t\t<\/h4>\n\t\t\t\n\t\t\t\t\t<\/div>\n\n\t\t<div\n\t\t\t\n\t\t\tclass=\"so-widget-sow-button so-widget-sow-button-flat-e5878abd3db0\"\n\t\t\t\n\t\t><div class=\"ow-button-base ow-button-align-center\">\n\t\t\t<a\n\t\t\t\t\thref=\"#\"\n\t\t\t\t\tclass=\"sowb-button ow-icon-placement-left ow-button-hover\" \t>\n\t\t<span>\n\t\t\t\n\t\t\tView Exhibitions Timetable\t\t<\/span>\n\t\t\t<\/a>\n\t<\/div>\n<\/div>\n\t<\/div>\n\n\t<\/div>\n<\/div><\/div><\/div><\/div><\/div><div id=\"pg-12-1\"  class=\"panel-grid panel-no-style\" ><div id=\"pgc-12-1-0\"  class=\"panel-grid-cell\" ><div id=\"panel-12-1-0-0\" class=\"so-panel widget widget_spacer-widget panel-first-child panel-last-child\" data-index=\"1\" ><div\n\t\t\t\n\t\t\tclass=\"so-widget-spacer-widget so-widget-spacer-widget-base\"\n\t\t\t\n\t\t>\n<div class=\"clearfix\" style=\"height:20px\"><\/div><\/div><\/div><\/div><\/div><div id=\"pg-12-2\"  class=\"panel-grid panel-no-style\" ><div id=\"pgc-12-2-0\"  class=\"panel-grid-cell\" ><div id=\"panel-12-2-0-0\" class=\"so-panel widget widget_black-studio-tinymce widget_black_studio_tinymce panel-first-child panel-last-child\" data-index=\"2\" ><h3 class=\"widget-title\">Get Involved<\/h3><div class=\"textwidget\"><p>We want you to be part of our museums, experience its beauty and this is why we offer several ways to let you engage with us to help maintain and develop the museums. Whether you are a student aspiring a career in social work or a business person who loves to preserve and care about the local history or a couple looking to get married in an awesome traditional way. We have everything for all of you. Become a member today!<\/p>\n<\/div><\/div><\/div><div id=\"pgc-12-2-1\"  class=\"panel-grid-cell\" ><div id=\"panel-12-2-1-0\" class=\"so-panel widget widget_featured-block-widget panel-first-child panel-last-child\" data-index=\"3\" ><div\n\t\t\t\n\t\t\tclass=\"so-widget-featured-block-widget so-widget-featured-block-widget-base\"\n\t\t\t\n\t\t>\n<div class=\"featured-block hover-effect\">\n    <figure><a href=\"https:\/\/manega.net\/index.php\/internship\/\" ><img loading=\"lazy\" decoding=\"async\" src=\"https:\/\/manega.net\/wp-content\/uploads\/2018\/09\/img15.jpg\" width=\"600\" height=\"400\" featured_title=\"Learn\"  class=\"featured-block-widget\" style=\"max-width:100%; height:auto; display:block\"><span class=\"caption\"><span class=\"caption-table\"><span class=\"caption-cell\">Learn<\/span><\/a><\/figure>    <p>The Vestige, museum of antiquity has a variety of year-round internship programs available for students of all ages.<\/p>    <a href=\"https:\/\/manega.net\/index.php\/internship\/\"  class=\"basic-link\">Internship Programs<\/a><\/div><\/div><\/div><\/div><div id=\"pgc-12-2-2\"  class=\"panel-grid-cell\" ><div id=\"panel-12-2-2-0\" class=\"so-panel widget widget_featured-block-widget panel-first-child panel-last-child\" data-index=\"4\" ><div\n\t\t\t\n\t\t\tclass=\"so-widget-featured-block-widget so-widget-featured-block-widget-base\"\n\t\t\t\n\t\t>\n<div class=\"featured-block hover-effect\">\n    <figure><a href=\"https:\/\/manega.net\/index.php\/donate\/\" ><img loading=\"lazy\" decoding=\"async\" src=\"https:\/\/manega.net\/wp-content\/uploads\/2015\/07\/img8.jpg\" width=\"600\" height=\"400\" featured_title=\"Donate\"  class=\"featured-block-widget\" style=\"max-width:100%; height:auto; display:block\"><span class=\"caption\"><span class=\"caption-table\"><span class=\"caption-cell\">Donate<\/span><\/a><\/figure>    <p>Our memberships provide wonderful benefits and supports our goal to preserve and conserve our local history.<\/p>    <a href=\"https:\/\/manega.net\/index.php\/donate\/\"  class=\"basic-link\">Ways to support<\/a><\/div><\/div><\/div><\/div><div id=\"pgc-12-2-3\"  class=\"panel-grid-cell\" ><div id=\"panel-12-2-3-0\" class=\"so-panel widget widget_featured-block-widget panel-first-child panel-last-child\" data-index=\"5\" ><div\n\t\t\t\n\t\t\tclass=\"so-widget-featured-block-widget so-widget-featured-block-widget-base\"\n\t\t\t\n\t\t>\n<div class=\"featured-block hover-effect\">\n    <figure><a href=\"https:\/\/manega.net\/index.php\/rentals\/\" ><img loading=\"lazy\" decoding=\"async\" src=\"https:\/\/manega.net\/wp-content\/uploads\/2018\/07\/img13.jpg\" width=\"600\" height=\"400\" featured_title=\"Experience\"  class=\"featured-block-widget\" style=\"max-width:100%; height:auto; display:block\"><span class=\"caption\"><span class=\"caption-table\"><span class=\"caption-cell\">Experience<\/span><\/a><\/figure>    <p>Our beautiful historic properties are the ideal year-round location to host your wedding or special event.<\/p>    <a href=\"https:\/\/manega.net\/index.php\/rentals\/\"  class=\"basic-link\">Rental Options<\/a><\/div><\/div><\/div><\/div><\/div><div id=\"pg-12-3\"  class=\"panel-grid panel-has-style\" ><div class=\"siteorigin-panels-stretch panel-row-style panel-row-style-for-12-3\" data-stretch-type=\"full-stretched\" ><div id=\"pgc-12-3-0\"  class=\"panel-grid-cell\" ><div id=\"panel-12-3-0-0\" class=\"so-panel widget widget_skewed-title-widget panel-first-child panel-last-child\" data-index=\"6\" ><div\n\t\t\t\n\t\t\tclass=\"so-widget-skewed-title-widget so-widget-skewed-title-widget-base\"\n\t\t\t\n\t\t><div class=\"skewed-title-bar\">\n    <div class=\"container\">\n        <h4 style=\"background:; color:;\">\n            <span>Our Venues<\/span>\n        <\/h4>\n    <\/div>\n<\/div><\/div><\/div><\/div><\/div><\/div><div id=\"pg-12-4\"  class=\"panel-grid panel-has-style\" ><div class=\"siteorigin-panels-stretch panel-row-style panel-row-style-for-12-4\" data-stretch-type=\"full\" ><div id=\"pgc-12-4-0\"  class=\"panel-grid-cell\" ><div id=\"panel-12-4-0-0\" class=\"so-panel widget widget_spacer-widget panel-first-child\" data-index=\"7\" ><div\n\t\t\t\n\t\t\tclass=\"so-widget-spacer-widget so-widget-spacer-widget-base\"\n\t\t\t\n\t\t>\n<div class=\"clearfix\" style=\"height:60px\"><\/div><\/div><\/div><div id=\"panel-12-4-0-1\" class=\"so-panel widget widget_venues-widget\" data-index=\"8\" ><div\n\t\t\t\n\t\t\tclass=\"so-widget-venues-widget so-widget-venues-widget-base\"\n\t\t\t\n\t\t><div class=\"carousel-wrapper venues-grid\">\n    <div class=\"row\">\n        <ul class=\"owl-carousel carousel-fw\" data-columns=\"3\" data-autoplay=\"\" data-pagination=\"no\" data-arrows=\"yes\" data-single-item=\"no\" data-items-desktop=\"3\" data-items-desktop-small=\"2\" data-items-tablet=\"2\" data-items-mobile=\"1\"  data-rtl=\"ltr\" >\n    <!-- List Item -->\n    <li class=\"item\">    \t<div class=\"format-standard\">\n                <div class=\"grid-item-content\">\n            <h3><a href=\"https:\/\/manega.net\/index.php\/venue\/accrue-homestead\/\">Accrue Homestead<\/a><\/h3>\n            <div class=\"grid-item-excerpt\">\n            \t                <p>This historic house was built way back in 1700 and since then it&rsquo;s been awarded several time for its extraordinary beauty. We want you to\u2026<\/p>\n            <\/div>                    <\/div>\n    <\/li>\n    <!-- List Item -->\n    <li class=\"item\">    \t<div class=\"format-standard\">\n                <div class=\"grid-item-content\">\n            <h3><a href=\"https:\/\/manega.net\/index.php\/venue\/exhibit-showroom\/\">Exhibit Showroom<\/a><\/h3>\n            <div class=\"grid-item-excerpt\">\n            \t                <p>This historic house was built way back in 1700 and since then it&rsquo;s been awarded several time for its extraordinary beauty. We want you to\u2026<\/p>\n            <\/div>                    <\/div>\n    <\/li>\n    <!-- List Item -->\n    <li class=\"item\">    \t<div class=\"format-standard\">\n                <div class=\"grid-item-content\">\n            <h3><a href=\"https:\/\/manega.net\/index.php\/venue\/mehar-mansion\/\">Mehar Mansion<\/a><\/h3>\n            <div class=\"grid-item-excerpt\">\n            \t                <p>This historic house was built way back in 1700 and since then it&rsquo;s been awarded several time for its extraordinary beauty. We want you to\u2026<\/p>\n            <\/div>                    <\/div>\n    <\/li>\n\t\t<\/ul>\n\t<\/div>              \n<\/div>                  \n<\/div><\/div><div id=\"panel-12-4-0-2\" class=\"so-panel widget widget_spacer-widget panel-last-child\" data-index=\"9\" ><div\n\t\t\t\n\t\t\tclass=\"so-widget-spacer-widget so-widget-spacer-widget-base\"\n\t\t\t\n\t\t>\n<div class=\"clearfix\" style=\"height:20px\"><\/div><\/div><\/div><\/div><\/div><\/div><div id=\"pg-12-5\"  class=\"panel-grid panel-no-style\" ><div id=\"pgc-12-5-0\"  class=\"panel-grid-cell\" ><div id=\"panel-12-5-0-0\" class=\"so-panel widget widget_spacer-widget panel-first-child\" data-index=\"10\" ><div\n\t\t\t\n\t\t\tclass=\"so-widget-spacer-widget so-widget-spacer-widget-base\"\n\t\t\t\n\t\t>\n<div class=\"clearfix\" style=\"height:60px\"><\/div><\/div><\/div><div id=\"panel-12-5-0-1\" class=\"so-panel widget widget_upcoming-exhibitions-widget\" data-index=\"11\" ><div\n\t\t\t\n\t\t\tclass=\"so-widget-upcoming-exhibitions-widget so-widget-upcoming-exhibitions-widget-base\"\n\t\t\t\n\t\t><!-- Widget Special Events -->\n<div class=\"widget\">\n<h3 class=\"widget-title\" >Coming Exhibitions<\/h3>\n\t<\/div><\/div><\/div><div id=\"panel-12-5-0-2\" class=\"so-panel widget widget_spacer-widget panel-last-child\" data-index=\"12\" ><div\n\t\t\t\n\t\t\tclass=\"so-widget-spacer-widget so-widget-spacer-widget-base\"\n\t\t\t\n\t\t>\n<div class=\"clearfix\" style=\"height:60px\"><\/div><\/div><\/div><\/div><div id=\"pgc-12-5-1\"  class=\"panel-grid-cell\" ><div id=\"panel-12-5-1-0\" class=\"so-panel widget widget_spacer-widget panel-first-child\" data-index=\"13\" ><div\n\t\t\t\n\t\t\tclass=\"so-widget-spacer-widget so-widget-spacer-widget-base\"\n\t\t\t\n\t\t>\n<div class=\"clearfix\" style=\"height:60px\"><\/div><\/div><\/div><div id=\"panel-12-5-1-1\" class=\"so-panel widget widget_vestige-upcoming-events-widget\" data-index=\"14\" ><div\n\t\t\t\n\t\t\tclass=\"so-widget-vestige-upcoming-events-widget so-widget-vestige-upcoming-events-widget-base\"\n\t\t\t\n\t\t><!-- Widget Special Events -->\n<div class=\"widget widget_special_events\">\n<div class=\"text-align-\"><h3 class=\"widget-title\" >Upcoming Events<\/h3><\/div>\n<div class=\"widget_special_events_in\">\n\t<\/div>\n<\/div> <\/div><\/div><div id=\"panel-12-5-1-2\" class=\"so-panel widget widget_spacer-widget panel-last-child\" data-index=\"15\" ><div\n\t\t\t\n\t\t\tclass=\"so-widget-spacer-widget so-widget-spacer-widget-base\"\n\t\t\t\n\t\t>\n<div class=\"clearfix\" style=\"height:30px\"><\/div><\/div><\/div><\/div><\/div><div id=\"pg-12-6\"  class=\"panel-grid panel-has-style\" ><div class=\"siteorigin-panels-stretch panel-row-style panel-row-style-for-12-6\" data-stretch-type=\"full\" ><div id=\"pgc-12-6-0\"  class=\"panel-grid-cell\" ><div id=\"panel-12-6-0-0\" class=\"so-panel widget widget_spacer-widget panel-first-child\" data-index=\"16\" ><div\n\t\t\t\n\t\t\tclass=\"so-widget-spacer-widget so-widget-spacer-widget-base\"\n\t\t\t\n\t\t>\n<div class=\"clearfix\" style=\"height:50px\"><\/div><\/div><\/div><div id=\"panel-12-6-0-1\" class=\"so-panel widget widget_posts-list-widget\" data-index=\"17\" ><div\n\t\t\t\n\t\t\tclass=\"so-widget-posts-list-widget so-widget-posts-list-widget-base\"\n\t\t\t\n\t\t><div class=\"text-align-center\"><h3 class=\"widget-title\" >In the news<\/h3><\/div>\n\n<div class=\"carousel-wrapper venues-grid\">\n    <div class=\"row\">\n        <ul class=\"owl-carousel carousel-fw\" data-columns=\"4\" data-autoplay=\"\" data-pagination=\"yes\" data-arrows=\"no\" data-single-item=\"no\" data-items-desktop=\"4\" data-items-desktop-small=\"2\" data-items-tablet=\"2\" data-items-mobile=\"1\"  data-rtl=\"ltr\" >\n\n <li class=\"item\">\t\t<div class=\"grid-item format-standard\">        \n            <a href=\"https:\/\/manega.net\/index.php\/2018\/07\/20\/painting-the-imaginations-2\/\" class=\"media-box grid-featured-img\">\n                <img decoding=\"async\" src=\"https:\/\/manega.net\/wp-content\/uploads\/2018\/07\/img.jpg\" class=\"post-thumb wp-post-image\" alt=\"\" srcset=\"https:\/\/manega.net\/wp-content\/uploads\/2018\/07\/img.jpg 600w, https:\/\/manega.net\/wp-content\/uploads\/2018\/07\/img-300x200.jpg 300w\" sizes=\"(max-width: 600px) 100vw, 600px\" \/>                <span class=\"grid-item-date\">\n                    <span class=\"grid-item-day\">20<\/span>\n                    <span class=\"grid-item-month\">Juil<\/span>\n                <\/span>\n            <\/a>            <div class=\"grid-item-content\">\n                <h3><a href=\"https:\/\/manega.net\/index.php\/2018\/07\/20\/painting-the-imaginations-2\/\">Painting the imaginations<\/a><\/h3>                <div class=\"grid-item-excerpt\"><p>Dolphins have a streamlined fusiform body, adapted for fast swimming. The tail fin, called the fluke, is used for propulsion while the pectoral fins, together<\/p><\/div>                <a href=\"https:\/\/manega.net\/index.php\/2018\/07\/20\/painting-the-imaginations-2\/\" class=\"pull-right basic-link\">Read more<\/a>                                <div class=\"meta-data grid-item-meta\">\n                    <i class=\"fa fa-comments-o\"><\/i> <a href=\"https:\/\/manega.net\/index.php\/2018\/07\/20\/painting-the-imaginations-2\/#respond\" class=\"comments-link\" >0<\/a>                <\/div>\n                            <\/div>\n        <\/div>\n    <\/li>\n <li class=\"item\">\t\t<div class=\"grid-item format-standard\">        \n            <a href=\"https:\/\/manega.net\/index.php\/2018\/07\/18\/potter-working-a-piece-of-clay\/\" class=\"media-box grid-featured-img\">\n                <img decoding=\"async\" src=\"https:\/\/manega.net\/wp-content\/uploads\/2018\/07\/img5.jpg\" class=\"post-thumb wp-post-image\" alt=\"\" srcset=\"https:\/\/manega.net\/wp-content\/uploads\/2018\/07\/img5.jpg 600w, https:\/\/manega.net\/wp-content\/uploads\/2018\/07\/img5-300x200.jpg 300w\" sizes=\"(max-width: 600px) 100vw, 600px\" \/>                <span class=\"grid-item-date\">\n                    <span class=\"grid-item-day\">18<\/span>\n                    <span class=\"grid-item-month\">Juil<\/span>\n                <\/span>\n            <\/a>            <div class=\"grid-item-content\">\n                <h3><a href=\"https:\/\/manega.net\/index.php\/2018\/07\/18\/potter-working-a-piece-of-clay\/\">Potter working a piece of clay<\/a><\/h3>                <div class=\"grid-item-excerpt\"><p>Dolphins have a streamlined fusiform body, adapted for fast swimming. The tail fin, called the fluke, is used for propulsion while the pectoral fins, together<\/p><\/div>                <a href=\"https:\/\/manega.net\/index.php\/2018\/07\/18\/potter-working-a-piece-of-clay\/\" class=\"pull-right basic-link\">Read more<\/a>                                <div class=\"meta-data grid-item-meta\">\n                    <i class=\"fa fa-comments-o\"><\/i> <a href=\"https:\/\/manega.net\/index.php\/2018\/07\/18\/potter-working-a-piece-of-clay\/#respond\" class=\"comments-link\" >0<\/a>                <\/div>\n                            <\/div>\n        <\/div>\n    <\/li>\n <li class=\"item\">\t\t<div class=\"grid-item format-standard\">        \n            <a href=\"https:\/\/manega.net\/index.php\/2018\/07\/18\/painting-the-imaginations\/\" class=\"media-box grid-featured-img\">\n                <img decoding=\"async\" src=\"https:\/\/manega.net\/wp-content\/uploads\/2018\/07\/img3.jpg\" class=\"post-thumb wp-post-image\" alt=\"\" srcset=\"https:\/\/manega.net\/wp-content\/uploads\/2018\/07\/img3.jpg 600w, https:\/\/manega.net\/wp-content\/uploads\/2018\/07\/img3-300x200.jpg 300w\" sizes=\"(max-width: 600px) 100vw, 600px\" \/>                <span class=\"grid-item-date\">\n                    <span class=\"grid-item-day\">18<\/span>\n                    <span class=\"grid-item-month\">Juil<\/span>\n                <\/span>\n            <\/a>            <div class=\"grid-item-content\">\n                <h3><a href=\"https:\/\/manega.net\/index.php\/2018\/07\/18\/painting-the-imaginations\/\">Painting the imaginations<\/a><\/h3>                <div class=\"grid-item-excerpt\"><p>Dolphins have a streamlined fusiform body, adapted for fast swimming. The tail fin, called the fluke, is used for propulsion while the pectoral fins, together<\/p><\/div>                <a href=\"https:\/\/manega.net\/index.php\/2018\/07\/18\/painting-the-imaginations\/\" class=\"pull-right basic-link\">Read more<\/a>                                <div class=\"meta-data grid-item-meta\">\n                    <i class=\"fa fa-comments-o\"><\/i> <a href=\"https:\/\/manega.net\/index.php\/2018\/07\/18\/painting-the-imaginations\/#respond\" class=\"comments-link\" >0<\/a>                <\/div>\n                            <\/div>\n        <\/div>\n    <\/li>\n <li class=\"item\">\t\t<div class=\"grid-item format-standard\">        \n            <a href=\"https:\/\/manega.net\/index.php\/2018\/07\/18\/adventures-of-the-realistic-africa\/\" class=\"media-box grid-featured-img\">\n                <img decoding=\"async\" src=\"https:\/\/manega.net\/wp-content\/uploads\/2018\/07\/img4.jpg\" class=\"post-thumb wp-post-image\" alt=\"\" srcset=\"https:\/\/manega.net\/wp-content\/uploads\/2018\/07\/img4.jpg 600w, https:\/\/manega.net\/wp-content\/uploads\/2018\/07\/img4-300x200.jpg 300w\" sizes=\"(max-width: 600px) 100vw, 600px\" \/>                <span class=\"grid-item-date\">\n                    <span class=\"grid-item-day\">18<\/span>\n                    <span class=\"grid-item-month\">Juil<\/span>\n                <\/span>\n            <\/a>            <div class=\"grid-item-content\">\n                <h3><a href=\"https:\/\/manega.net\/index.php\/2018\/07\/18\/adventures-of-the-realistic-africa\/\">Adventures of the realistic Africa<\/a><\/h3>                <div class=\"grid-item-excerpt\"><p>Dolphins have a streamlined fusiform body, adapted for fast swimming. The tail fin, called the fluke, is used for propulsion while the pectoral fins, together<\/p><\/div>                <a href=\"https:\/\/manega.net\/index.php\/2018\/07\/18\/adventures-of-the-realistic-africa\/\" class=\"pull-right basic-link\">Read more<\/a>                                <div class=\"meta-data grid-item-meta\">\n                    <i class=\"fa fa-comments-o\"><\/i> <a href=\"https:\/\/manega.net\/index.php\/2018\/07\/18\/adventures-of-the-realistic-africa\/#respond\" class=\"comments-link\" >0<\/a>                <\/div>\n                            <\/div>\n        <\/div>\n    <\/li>\n <li class=\"item\">\t\t<div class=\"grid-item format-standard\">        \n            <a href=\"https:\/\/manega.net\/index.php\/2018\/07\/17\/soundcloud-audio-post\/\" class=\"media-box grid-featured-img\">\n                <img decoding=\"async\" src=\"https:\/\/manega.net\/wp-content\/uploads\/2018\/07\/img2.jpg\" class=\"post-thumb wp-post-image\" alt=\"\" srcset=\"https:\/\/manega.net\/wp-content\/uploads\/2018\/07\/img2.jpg 600w, https:\/\/manega.net\/wp-content\/uploads\/2018\/07\/img2-300x200.jpg 300w\" sizes=\"(max-width: 600px) 100vw, 600px\" \/>                <span class=\"grid-item-date\">\n                    <span class=\"grid-item-day\">17<\/span>\n                    <span class=\"grid-item-month\">Juil<\/span>\n                <\/span>\n            <\/a>            <div class=\"grid-item-content\">\n                <h3><a href=\"https:\/\/manega.net\/index.php\/2018\/07\/17\/soundcloud-audio-post\/\">RP band performance at Shop Pleu<\/a><\/h3>                <div class=\"grid-item-excerpt\"><p>Dolphins have a streamlined fusiform body, adapted for fast swimming. The tail fin, called the fluke, is used for propulsion while the pectoral fins, together<\/p><\/div>                <a href=\"https:\/\/manega.net\/index.php\/2018\/07\/17\/soundcloud-audio-post\/\" class=\"pull-right basic-link\">Read more<\/a>                                <div class=\"meta-data grid-item-meta\">\n                    <i class=\"fa fa-comments-o\"><\/i> <a href=\"https:\/\/manega.net\/index.php\/2018\/07\/17\/soundcloud-audio-post\/#respond\" class=\"comments-link\" >0<\/a>                <\/div>\n                            <\/div>\n        <\/div>\n    <\/li>\n\t\t<\/ul>\n\t<\/div>              \n<\/div>                  \n<\/div><\/div><div id=\"panel-12-6-0-2\" class=\"so-panel widget widget_spacer-widget panel-last-child\" data-index=\"18\" ><div\n\t\t\t\n\t\t\tclass=\"so-widget-spacer-widget so-widget-spacer-widget-base\"\n\t\t\t\n\t\t>\n<div class=\"clearfix\" style=\"height:20px\"><\/div><\/div><\/div><\/div><\/div><\/div><div id=\"pg-12-7\"  class=\"panel-grid panel-has-style\" ><div class=\"accent-bg siteorigin-panels-stretch panel-row-style panel-row-style-for-12-7\" data-stretch-type=\"full\" ><div id=\"pgc-12-7-0\"  class=\"panel-grid-cell\" ><div id=\"panel-12-7-0-0\" class=\"so-panel widget widget_spacer-widget panel-first-child\" data-index=\"19\" ><div\n\t\t\t\n\t\t\tclass=\"so-widget-spacer-widget so-widget-spacer-widget-base\"\n\t\t\t\n\t\t>\n<div class=\"clearfix\" style=\"height:50px\"><\/div><\/div><\/div><div id=\"panel-12-7-0-1\" class=\"so-panel widget widget_black-studio-tinymce widget_black_studio_tinymce panel-last-child\" data-index=\"20\" ><div class=\"textwidget\"><h2 class=\"light-title\">What our visitors saying about their experience<\/h2>\n<\/div><\/div><\/div><div id=\"pgc-12-7-1\"  class=\"panel-grid-cell\" ><div id=\"panel-12-7-1-0\" class=\"so-panel widget widget_spacer-widget panel-first-child\" data-index=\"21\" ><div\n\t\t\t\n\t\t\tclass=\"so-widget-spacer-widget so-widget-spacer-widget-base\"\n\t\t\t\n\t\t>\n<div class=\"clearfix\" style=\"height:50px\"><\/div><\/div><\/div><div id=\"panel-12-7-1-1\" class=\"so-panel widget widget_testimonials-widget\" data-index=\"22\" ><div\n\t\t\t\n\t\t\tclass=\"so-widget-testimonials-widget so-widget-testimonials-widget-base\"\n\t\t\t\n\t\t>\n<div class=\"carousel-wrapper\">\n    <div class=\"row\">\n        <ul class=\"owl-carousel carousel-fw\" id=\"testimonials-slider\" data-columns=\"2\" data-autoplay=\"\" data-pagination=\"no\" data-arrows=\"yes\" data-single-item=\"no\" data-items-desktop=\"2\" data-items-desktop-small=\"2\" data-items-tablet=\"2\" data-items-mobile=\"1\"  data-rtl=\"ltr\" >\n\n\n\t\t\t            <li class=\"item\">\n                  <blockquote>\n                      <p>Mes enfants veulent visiter tout les mus\u00e9es maintenant! La visite \u00e9tait super !!!<\/p>\n                      <cite>Hannah Hunter<\/cite>\n                  <\/blockquote>\n              <\/li>\n        \n\t\t            <li class=\"item\">\n                  <blockquote>\n                      <p>L&rsquo;exp\u00e9rience \u00e9tait fun, pleine de savoir et inspire beaucoup de perspectives quant \u00e0 la culture africaine.<\/p>\n                      <cite>J\u00e9r\u00e9mie OUEDRAOGO<\/cite>\n                  <\/blockquote>\n              <\/li>\n        \n\t\t\n\t\t<\/ul>\n\t<\/div>              \n<\/div>      \n<\/div><\/div><div id=\"panel-12-7-1-2\" class=\"so-panel widget widget_spacer-widget panel-last-child\" data-index=\"23\" ><div\n\t\t\t\n\t\t\tclass=\"so-widget-spacer-widget so-widget-spacer-widget-base\"\n\t\t\t\n\t\t>\n<div class=\"clearfix\" style=\"height:20px\"><\/div><\/div><\/div><\/div><\/div><\/div><\/div>","protected":false},"excerpt":{"rendered":"<p>Get Involved We want you to be part of our museums, experience its beauty and this is why we offer several ways to let you engage with us to help maintain and develop the museums. Whether you are a student aspiring a career in social work or a business person who loves to preserve and care about the local history or a couple looking to get married in an awesome traditional way. We have everything for all of you. Become a member today! What our visitors saying about their experience<\/p>\n","protected":false},"author":1,"featured_media":0,"parent":0,"menu_order":0,"comment_status":"open","ping_status":"open","template":"","meta":{"footnotes":""},"class_list":["post-12","page","type-page","status-publish","hentry"],"_links":{"self":[{"href":"https:\/\/manega.net\/index.php\/wp-json\/wp\/v2\/pages\/12","targetHints":{"allow":["GET"]}}],"collection":[{"href":"https:\/\/manega.net\/index.php\/wp-json\/wp\/v2\/pages"}],"about":[{"href":"https:\/\/manega.net\/index.php\/wp-json\/wp\/v2\/types\/page"}],"author":[{"embeddable":true,"href":"https:\/\/manega.net\/index.php\/wp-json\/wp\/v2\/users\/1"}],"replies":[{"embeddable":true,"href":"https:\/\/manega.net\/index.php\/wp-json\/wp\/v2\/comments?post=12"}],"version-history":[{"count":1,"href":"https:\/\/manega.net\/index.php\/wp-json\/wp\/v2\/pages\/12\/revisions"}],"predecessor-version":[{"id":890,"href":"https:\/\/manega.net\/index.php\/wp-json\/wp\/v2\/pages\/12\/revisions\/890"}],"wp:attachment":[{"href":"https:\/\/manega.net\/index.php\/wp-json\/wp\/v2\/media?parent=12"}],"curies":[{"name":"wp","href":"https:\/\/api.w.org\/{rel}","templated":true}]}}