{"id":1232,"date":"2020-01-05T01:53:06","date_gmt":"2020-01-05T00:53:06","guid":{"rendered":"https:\/\/manega.net\/?page_id=1232"},"modified":"2020-01-05T01:53:06","modified_gmt":"2020-01-05T00:53:06","slug":"masques-karinse","status":"publish","type":"page","link":"https:\/\/manega.net\/index.php\/masques-karinse\/","title":{"rendered":"Masques KARINSE"},"content":{"rendered":"<div id=\"pl-1232\"  class=\"panel-layout\" ><div id=\"pg-1232-0\"  class=\"panel-grid panel-no-style\" ><div id=\"pgc-1232-0-0\"  class=\"panel-grid-cell\" ><div id=\"panel-1232-0-0-0\" class=\"so-panel widget widget_sow-editor panel-first-child panel-last-child\" data-index=\"0\" ><div\n\t\t\t\n\t\t\tclass=\"so-widget-sow-editor so-widget-sow-editor-base\"\n\t\t\t\n\t\t>\n<div class=\"siteorigin-widget-tinymce textwidget\">\n\t<h3><strong>LES MASQUES KARINSE<\/strong><\/h3>\n<p>Ce masque rel\u00e8ve de la famille g\u00e9n\u00e9rique des masques typiques des Karins\u00e9 ou masques \u00e0 lames.<\/p>\n<p><img loading=\"lazy\" decoding=\"async\" width=\"450\" height=\"268\" class=\"size-full wp-image-1236 aligncenter\" src=\"https:\/\/manega.net\/wp-content\/uploads\/2020\/01\/karinse1.jpg\" alt=\"\" srcset=\"https:\/\/manega.net\/wp-content\/uploads\/2020\/01\/karinse1.jpg 450w, https:\/\/manega.net\/wp-content\/uploads\/2020\/01\/karinse1-300x179.jpg 300w\" sizes=\"auto, (max-width: 450px) 100vw, 450px\" \/><br \/>\nDans la vie courante, le droit de gr\u00e2ce est exerc\u00e9 par un Ministre qu\u2019on appelle le Weemba. Le chef supr\u00eame des Ministres charg\u00e9s de la gr\u00e2ce est toujours une femme. Quand on voit ces types de masques \u00e0 lames domin\u00e9s par une femme, c\u2019est donc un masque de pardon, c\u2019est donc un masque qui ne peut pas faire du mal. En quelque sorte, un masque avocat qui ne peut que solliciter ou la gr\u00e2ce ou le pardon entre les hommes.<\/p>\n<p><img loading=\"lazy\" decoding=\"async\" width=\"450\" height=\"267\" class=\"size-full wp-image-1237 aligncenter\" src=\"https:\/\/manega.net\/wp-content\/uploads\/2020\/01\/karinse2.jpg\" alt=\"\" srcset=\"https:\/\/manega.net\/wp-content\/uploads\/2020\/01\/karinse2.jpg 450w, https:\/\/manega.net\/wp-content\/uploads\/2020\/01\/karinse2-300x178.jpg 300w\" sizes=\"auto, (max-width: 450px) 100vw, 450px\" \/><\/p>\n<p><img loading=\"lazy\" decoding=\"async\" width=\"450\" height=\"265\" class=\"size-full wp-image-1233 aligncenter\" src=\"https:\/\/manega.net\/wp-content\/uploads\/2020\/01\/karinse3.jpg\" alt=\"\" srcset=\"https:\/\/manega.net\/wp-content\/uploads\/2020\/01\/karinse3.jpg 450w, https:\/\/manega.net\/wp-content\/uploads\/2020\/01\/karinse3-300x177.jpg 300w\" sizes=\"auto, (max-width: 450px) 100vw, 450px\" \/><\/p>\n<h3><strong>LES TAMBOURS RITUELS<\/strong><\/h3>\n<p><img loading=\"lazy\" decoding=\"async\" width=\"448\" height=\"233\" class=\"size-full wp-image-1235 aligncenter\" src=\"https:\/\/manega.net\/wp-content\/uploads\/2020\/01\/tambours1.jpg\" alt=\"\" srcset=\"https:\/\/manega.net\/wp-content\/uploads\/2020\/01\/tambours1.jpg 448w, https:\/\/manega.net\/wp-content\/uploads\/2020\/01\/tambours1-300x156.jpg 300w\" sizes=\"auto, (max-width: 448px) 100vw, 448px\" \/><\/p>\n<p><img loading=\"lazy\" decoding=\"async\" width=\"381\" height=\"320\" class=\"size-full wp-image-1234 aligncenter\" src=\"https:\/\/manega.net\/wp-content\/uploads\/2020\/01\/tamb_soukgang.jpg\" alt=\"\" srcset=\"https:\/\/manega.net\/wp-content\/uploads\/2020\/01\/tamb_soukgang.jpg 381w, https:\/\/manega.net\/wp-content\/uploads\/2020\/01\/tamb_soukgang-300x252.jpg 300w\" sizes=\"auto, (max-width: 381px) 100vw, 381px\" \/><\/p>\n<\/div>\n<\/div><\/div><\/div><\/div><\/div>","protected":false},"excerpt":{"rendered":"<p>LES MASQUES KARINSE Ce masque rel\u00e8ve de la famille g\u00e9n\u00e9rique des masques typiques des Karins\u00e9 ou masques \u00e0 lames. Dans la vie courante, le droit de gr\u00e2ce est exerc\u00e9 par un Ministre qu\u2019on appelle le Weemba. Le chef supr\u00eame des Ministres charg\u00e9s de la gr\u00e2ce est toujours une femme. Quand on voit ces types de masques \u00e0 lames domin\u00e9s par une femme, c\u2019est donc un masque de pardon, c\u2019est donc un masque qui ne peut pas faire du mal. En quelque sorte, un masque avocat qui ne peut que solliciter ou la gr\u00e2ce ou le pardon entre les hommes. LES TAMBOURS RITUELS<\/p>\n","protected":false},"author":1,"featured_media":1236,"parent":0,"menu_order":0,"comment_status":"closed","ping_status":"closed","template":"","meta":{"footnotes":""},"class_list":["post-1232","page","type-page","status-publish","has-post-thumbnail","hentry"],"_links":{"self":[{"href":"https:\/\/manega.net\/index.php\/wp-json\/wp\/v2\/pages\/1232","targetHints":{"allow":["GET"]}}],"collection":[{"href":"https:\/\/manega.net\/index.php\/wp-json\/wp\/v2\/pages"}],"about":[{"href":"https:\/\/manega.net\/index.php\/wp-json\/wp\/v2\/types\/page"}],"author":[{"embeddable":true,"href":"https:\/\/manega.net\/index.php\/wp-json\/wp\/v2\/users\/1"}],"replies":[{"embeddable":true,"href":"https:\/\/manega.net\/index.php\/wp-json\/wp\/v2\/comments?post=1232"}],"version-history":[{"count":1,"href":"https:\/\/manega.net\/index.php\/wp-json\/wp\/v2\/pages\/1232\/revisions"}],"predecessor-version":[{"id":1238,"href":"https:\/\/manega.net\/index.php\/wp-json\/wp\/v2\/pages\/1232\/revisions\/1238"}],"wp:featuredmedia":[{"embeddable":true,"href":"https:\/\/manega.net\/index.php\/wp-json\/wp\/v2\/media\/1236"}],"wp:attachment":[{"href":"https:\/\/manega.net\/index.php\/wp-json\/wp\/v2\/media?parent=1232"}],"curies":[{"name":"wp","href":"https:\/\/api.w.org\/{rel}","templated":true}]}}