{"id":510,"date":"2016-02-16T01:47:38","date_gmt":"2016-02-15T20:17:38","guid":{"rendered":"http:\/\/preview.imithemes.com\/vestige-wp-data\/?page_id=510"},"modified":"2024-06-27T17:52:32","modified_gmt":"2024-06-27T17:52:32","slug":"home-version-2","status":"publish","type":"page","link":"https:\/\/manega.net\/","title":{"rendered":"Home version 2"},"content":{"rendered":"<div id=\"pl-510\"  class=\"panel-layout\" ><div id=\"pg-510-0\"  class=\"panel-grid panel-has-style\" ><div class=\"noticebar siteorigin-panels-stretch panel-row-style panel-row-style-for-510-0\" data-stretch-type=\"full\" ><div id=\"pgc-510-0-0\"  class=\"panel-grid-cell\" ><div id=\"panel-510-0-0-0\" class=\"so-panel widget widget_sow-cta panel-first-child panel-last-child\" data-index=\"0\" ><div class=\"panel-widget-style panel-widget-style-for-510-0-0-0\" ><div\n\t\t\t\n\t\t\tclass=\"so-widget-sow-cta so-widget-sow-cta-default-84d10edad241-510\"\n\t\t\t\n\t\t><div\n\tclass=\"sow-cta-base\"\n\t>\n\t\n\t<div class=\"sow-cta-wrapper\">\n\n\t\t<div class=\"sow-cta-text\">\n\t\t\t\t\t\t\t<h4 class=\"sow-cta-title\">\n\t\t\t\t\tEnsemble r\u00e9novons le Mus\u00e9e de Manega...\t\t\t\t<\/h4>\n\t\t\t\n\t\t\t\t\t<\/div>\n\n\t\t<div\n\t\t\t\n\t\t\tclass=\"so-widget-sow-button so-widget-sow-button-wire-472f4db07e15\"\n\t\t\t\n\t\t><div class=\"ow-button-base ow-button-align-center\">\n\t\t\t<a\n\t\t\t\t\thref=\"https:\/\/web.facebook.com\/profile.php?id=100064656550781\"\n\t\t\t\t\tclass=\"sowb-button ow-icon-placement-left\" target=\"_blank\" rel=\"noopener noreferrer\" \t>\n\t\t<span>\n\t\t\t<span class=\"sow-icon-genericons\" data-sow-icon=\"&#xf429;\"\n\t\tstyle=\"color: #ffffff\" \n\t\taria-hidden=\"true\"><\/span>\n\t\t\tLaisser votre contribution\t\t<\/span>\n\t\t\t<\/a>\n\t<\/div>\n<\/div>\n\t<\/div>\n\n\t<\/div>\n<\/div><\/div><\/div><\/div><\/div><\/div><div id=\"pg-510-1\"  class=\"panel-grid panel-has-style\" ><div class=\"siteorigin-panels-stretch panel-row-style panel-row-style-for-510-1\" data-stretch-type=\"full\" ><div id=\"pgc-510-1-0\"  class=\"panel-grid-cell\" ><div id=\"panel-510-1-0-0\" class=\"so-panel widget widget_spacer-widget panel-first-child\" data-index=\"1\" ><div\n\t\t\t\n\t\t\tclass=\"so-widget-spacer-widget so-widget-spacer-widget-base\"\n\t\t\t\n\t\t>\n<div class=\"clearfix\" style=\"height:100px\"><\/div><\/div><\/div><div id=\"panel-510-1-0-1\" class=\"so-panel widget widget_sow-features\" data-index=\"2\" ><div class=\"big-feature-title panel-widget-style panel-widget-style-for-510-1-0-1\" ><div\n\t\t\t\n\t\t\tclass=\"so-widget-sow-features so-widget-sow-features-default-03b75d3f93d4-510\"\n\t\t\t\n\t\t>\n<div class=\"sow-features-list sow-features-responsive\">\n\n\t\t\t\t\t\t\t\t\t<div\n\t\t\t\tclass=\"sow-features-feature sow-icon-container-position-top\"\n\t\t\t\tstyle=\"display: flex; flex-direction: column; width: calc(33.333% - 25px);\"\n\t\t\t>\n\t\t\t\n\t\t\t\t\t\t\t\t<div\n\t\t\t\t\tclass=\"sow-icon-container sow-container-round\"\n\t\t\t\t\tstyle=\"color: #ea9a23; \"\n\t\t\t\t\t\t\t\t\t>\n\t\t\t\t\t<span class=\"sow-icon-fontawesome sow-fas\" data-sow-icon=\"&#xf124;\"\n\t\tstyle=\"font-size: 40px; color: #FFFFFF\" \n\t\taria-hidden=\"true\"><\/span>\t\t\t\t<\/div>\n\t\t\t\t\n\t\t\t\t<div class=\"textwidget\">\n\t\t\t\t\t\n\t\t\t\t\t\t\t\t\t\t\t<h5>\n\t\t\t\t\t\t\t\n\t\t\t\t\t\t\tLocalisation\t\t\t\t\t\t\t\t\t\t\t\t\t<\/h5>\n\t\t\t\t\t\n\t\t\t\t\t\t\t\t\t\t\t<p>Le Mus\u00e9e de Man\u00e9ga est situ\u00e9 au Burkina Faso. Il est \u00e0 50 kilom\u00e8tres au nord de Ouagadougou sur l'axe Ouagadougou - Kongoussi.<\/p>\n\t\t\t\t\t\n\t\t\t\t\t\t\t\t\t<\/div>\n\t\t\t\t\t\t\t\t\n\t\t\t\t\t\t\t<\/div>\n\n\t\t\t\t\t\t\t\t<div\n\t\t\t\tclass=\"sow-features-feature sow-icon-container-position-top\"\n\t\t\t\tstyle=\"display: flex; flex-direction: column; width: calc(33.333% - 25px);\"\n\t\t\t>\n\t\t\t\n\t\t\t\t\t\t\t\t<div\n\t\t\t\t\tclass=\"sow-icon-container sow-container-round\"\n\t\t\t\t\tstyle=\"color: #38b79e; \"\n\t\t\t\t\t\t\t\t\t>\n\t\t\t\t\t<span class=\"sow-icon-fontawesome sow-fas\" data-sow-icon=\"&#xf1b9;\"\n\t\tstyle=\"font-size: 40px; color: #FFFFFF\" \n\t\taria-hidden=\"true\"><\/span>\t\t\t\t<\/div>\n\t\t\t\t\n\t\t\t\t<div class=\"textwidget\">\n\t\t\t\t\t\n\t\t\t\t\t\t\t\t\t\t\t<h5>\n\t\t\t\t\t\t\t\n\t\t\t\t\t\t\tVisite\t\t\t\t\t\t\t\t\t\t\t\t\t<\/h5>\n\t\t\t\t\t\n\t\t\t\t\t\t\t\t\t\t\t<p>D\u00e9part de Ouagadougou sur demande et possibilit\u00e9s de location de v\u00e9hicules pour le d\u00e9placement.<\/p>\n\t\t\t\t\t\n\t\t\t\t\t\t\t\t\t<\/div>\n\t\t\t\t\t\t\t\t\n\t\t\t\t\t\t\t<\/div>\n\n\t\t\t\t\t\t\t\t<div\n\t\t\t\tclass=\"sow-features-feature sow-icon-container-position-top\"\n\t\t\t\tstyle=\"display: flex; flex-direction: column; width: calc(33.333% - 25px);\"\n\t\t\t>\n\t\t\t\n\t\t\t\t\t\t\t\t<div\n\t\t\t\t\tclass=\"sow-icon-container sow-container-round\"\n\t\t\t\t\tstyle=\"color: #b7dd44; \"\n\t\t\t\t\t\t\t\t\t>\n\t\t\t\t\t<span class=\"sow-icon-fontawesome sow-fas\" data-sow-icon=\"&#xf3d1;\"\n\t\tstyle=\"font-size: 40px; color: #FFFFFF\" \n\t\taria-hidden=\"true\"><\/span>\t\t\t\t<\/div>\n\t\t\t\t\n\t\t\t\t<div class=\"textwidget\">\n\t\t\t\t\t\n\t\t\t\t\t\t\t\t\t\t\t<h5>\n\t\t\t\t\t\t\t\n\t\t\t\t\t\t\tPrix\t\t\t\t\t\t\t\t\t\t\t\t\t<\/h5>\n\t\t\t\t\t\n\t\t\t\t\t\t\t\t\t\t\t<p>Le tarif est de 20 000 FCFA comprenant le d\u00e9placement sur le site du Mus\u00e9e, la visite guid\u00e9e et le rafra\u00eechissement.<\/p>\n\t\t\t\t\t\n\t\t\t\t\t\t\t\t\t<\/div>\n\t\t\t\t\t\t\t\t\n\t\t\t\t\t\t\t<\/div>\n\n\t\t\t\n<\/div>\n<\/div><\/div><\/div><div id=\"panel-510-1-0-2\" class=\"so-panel widget widget_spacer-widget panel-last-child\" data-index=\"3\" ><div\n\t\t\t\n\t\t\tclass=\"so-widget-spacer-widget so-widget-spacer-widget-base\"\n\t\t\t\n\t\t>\n<div class=\"clearfix\" style=\"height:30px\"><\/div><\/div><\/div><\/div><\/div><\/div><div id=\"pg-510-2\"  class=\"panel-grid panel-has-style\" ><div class=\"siteorigin-panels-stretch panel-row-style panel-row-style-for-510-2\" data-stretch-type=\"full-width-stretch\" ><div id=\"pgc-510-2-0\"  class=\"panel-grid-cell\" ><div id=\"panel-510-2-0-0\" class=\"so-panel widget widget_sow-image panel-first-child panel-last-child\" data-index=\"4\" ><div\n\t\t\t\n\t\t\tclass=\"so-widget-sow-image so-widget-sow-image-default-dbf295114b96-510\"\n\t\t\t\n\t\t>\n\n<div class=\"sow-image-container\">\n\t\t<img loading=\"lazy\" decoding=\"async\" src=\"https:\/\/manega.net\/wp-content\/uploads\/2024\/01\/baniere1.png\" width=\"1600\" height=\"450\" srcset=\"https:\/\/manega.net\/wp-content\/uploads\/2024\/01\/baniere1.png 1600w, https:\/\/manega.net\/wp-content\/uploads\/2024\/01\/baniere1-300x84.png 300w, https:\/\/manega.net\/wp-content\/uploads\/2024\/01\/baniere1-1024x288.png 1024w, https:\/\/manega.net\/wp-content\/uploads\/2024\/01\/baniere1-768x216.png 768w, https:\/\/manega.net\/wp-content\/uploads\/2024\/01\/baniere1-1536x432.png 1536w, https:\/\/manega.net\/wp-content\/uploads\/2024\/01\/baniere1-958x269.png 958w\" sizes=\"auto, (max-width: 1600px) 100vw, 1600px\" alt=\"\" \t\tclass=\"so-widget-image\"\/>\n\t<\/div>\n\n<\/div><\/div><\/div><\/div><\/div><div id=\"pg-510-3\"  class=\"panel-grid panel-no-style\" ><div id=\"pgc-510-3-0\"  class=\"panel-grid-cell\" ><div id=\"panel-510-3-0-0\" class=\"so-panel widget widget_featured-block-widget panel-first-child panel-last-child\" data-index=\"5\" ><div\n\t\t\t\n\t\t\tclass=\"so-widget-featured-block-widget so-widget-featured-block-widget-base\"\n\t\t\t\n\t\t>\n<div class=\"featured-block hover-effect\">\n    <figure><a href=\"https:\/\/manega.net\/index.php\/le-fondateur-du-musee\/\" ><img loading=\"lazy\" decoding=\"async\" src=\"https:\/\/manega.net\/wp-content\/uploads\/2019\/12\/fondateurManegaIco-1024x477.png\" width=\"680\" height=\"317\"  class=\"featured-block-widget\" style=\"max-width:100%; height:auto; display:block\"><\/a><\/figure>    <p>Ma\u00eetre Titinga Fr\u00e9d\u00e9ric PACERE. Avocat, \u00e9crivain et homme de Culture, il est le fondateur du Mus\u00e9e de la Bendrologie. A son actif on compte plus d'une vingtaine de titres totalisant plus de 60 volumes. Il est m\u00e9daille d'honneur de l'Association des Ecrivains de Langues Fran\u00e7aise (A.D.E.L.F.).<\/p>    <a href=\"https:\/\/manega.net\/index.php\/le-fondateur-du-musee\/\"  class=\"basic-link\">Le fondateur<\/a><\/div><\/div><\/div><\/div><div id=\"pgc-510-3-1\"  class=\"panel-grid-cell\" ><div id=\"panel-510-3-1-0\" class=\"so-panel widget widget_featured-block-widget panel-first-child panel-last-child\" data-index=\"6\" ><div\n\t\t\t\n\t\t\tclass=\"so-widget-featured-block-widget so-widget-featured-block-widget-base\"\n\t\t\t\n\t\t>\n<div class=\"featured-block hover-effect\">\n    <figure><a href=\"https:\/\/manega.net\/index.php\/ouvrages-et-productions\/\" ><img loading=\"lazy\" decoding=\"async\" src=\"https:\/\/manega.net\/wp-content\/uploads\/2020\/01\/biblio-1024x477.png\" width=\"680\" height=\"317\"  class=\"featured-block-widget\" style=\"max-width:100%; height:auto; display:block\"><\/a><\/figure>    <p>Pour toute connaissance et ma\u00eetrise des valeurs de culture africaine existantes et d\u00e9fendues par le Mus\u00e9e, outre les visites sur le site souhait\u00e9es, il existe des fascicules relatifs \u00e0 chaque domaine du Mus\u00e9e au co\u00fbt pr\u00e9cis\u00e9 dans la partie \" Ouvrages et productions \".<\/p>    <a href=\"https:\/\/manega.net\/index.php\/ouvrages-et-productions\/\"  class=\"basic-link\">Ouvrages et productions<\/a><\/div><\/div><\/div><\/div><div id=\"pgc-510-3-2\"  class=\"panel-grid-cell\" ><div id=\"panel-510-3-2-0\" class=\"so-panel widget widget_featured-block-widget panel-first-child panel-last-child\" data-index=\"7\" ><div\n\t\t\t\n\t\t\tclass=\"so-widget-featured-block-widget so-widget-featured-block-widget-base\"\n\t\t\t\n\t\t>\n<div class=\"featured-block hover-effect\">\n    <figure><a href=\"#\" ><img loading=\"lazy\" decoding=\"async\" src=\"https:\/\/manega.net\/wp-content\/uploads\/2020\/01\/burkinmaam2-1024x477.png\" width=\"680\" height=\"317\"  class=\"featured-block-widget\" style=\"max-width:100%; height:auto; display:block\"><\/a><\/figure>    <p>La Fiert\u00e9 de porter ses Origines... son Village, sa Ville, sa R\u00e9gion, sa Nation...\nMontre Toi, Exprime Toi... Partage ta Provenance!\nCelui qui s'aime, ne peut pas d\u00e9tester son voisin...\nL'autre est \"MOI\" m\u00eame...<\/p>    <a href=\"#\"  class=\"basic-link\">Maam Burkin Kietta<\/a><\/div><\/div><\/div><\/div><\/div><div id=\"pg-510-4\"  class=\"panel-grid panel-no-style\" ><div id=\"pgc-510-4-0\"  class=\"panel-grid-cell\" ><div id=\"panel-510-4-0-0\" class=\"so-panel widget widget_sow-editor panel-first-child\" data-index=\"8\" ><div\n\t\t\t\n\t\t\tclass=\"so-widget-sow-editor so-widget-sow-editor-base\"\n\t\t\t\n\t\t>\n<div class=\"siteorigin-widget-tinymce textwidget\">\n\t<h2 style=\"text-align: center;\">Nos \u00e9v\u00e8nements<\/h2>\n<\/div>\n<\/div><\/div><div id=\"panel-510-4-0-1\" class=\"so-panel widget widget_events-list-widget panel-last-child\" data-index=\"9\" ><div\n\t\t\t\n\t\t\tclass=\"so-widget-events-list-widget so-widget-events-list-widget-base\"\n\t\t\t\n\t\t>\n<div class=\"carousel-wrapper events-grid\">\n    <div class=\"row\">\n        <ul class=\"owl-carousel carousel-fw\" data-columns=\"3\" data-autoplay=\"\" data-pagination=\"yes\" data-arrows=\"no\" data-single-item=\"no\" data-items-desktop=\"3\" data-items-desktop-small=\"2\" data-items-tablet=\"2\" data-items-mobile=\"1\"  data-rtl=\"ltr\" >\n\t\t<\/ul>\n\t<\/div>              \n<\/div>                  \n<\/div><\/div><\/div><\/div><div id=\"pg-510-5\"  class=\"panel-grid panel-has-style\" ><div class=\"accent-bg siteorigin-panels-stretch panel-row-style panel-row-style-for-510-5\" data-stretch-type=\"full\" ><div id=\"pgc-510-5-0\"  class=\"panel-grid-cell\" ><div id=\"panel-510-5-0-0\" class=\"so-panel widget widget_spacer-widget panel-first-child\" data-index=\"10\" ><div\n\t\t\t\n\t\t\tclass=\"so-widget-spacer-widget so-widget-spacer-widget-base\"\n\t\t\t\n\t\t>\n<div class=\"clearfix\" style=\"height:50px\"><\/div><\/div><\/div><div id=\"panel-510-5-0-1\" class=\"so-panel widget widget_black-studio-tinymce widget_black_studio_tinymce panel-last-child\" data-index=\"11\" ><div class=\"textwidget\"><h2 class=\"light-title\">Les commentaires des visiteurs \u00e0 propos de leurs exp\u00e9riences \u00e0 Man\u00e9ga<\/h2>\n<\/div><\/div><\/div><div id=\"pgc-510-5-1\"  class=\"panel-grid-cell\" ><div id=\"panel-510-5-1-0\" class=\"so-panel widget widget_spacer-widget panel-first-child\" data-index=\"12\" ><div\n\t\t\t\n\t\t\tclass=\"so-widget-spacer-widget so-widget-spacer-widget-base\"\n\t\t\t\n\t\t>\n<div class=\"clearfix\" style=\"height:50px\"><\/div><\/div><\/div><div id=\"panel-510-5-1-1\" class=\"so-panel widget widget_testimonials-widget\" data-index=\"13\" ><div\n\t\t\t\n\t\t\tclass=\"so-widget-testimonials-widget so-widget-testimonials-widget-base\"\n\t\t\t\n\t\t>\n<div class=\"carousel-wrapper\">\n    <div class=\"row\">\n        <ul class=\"owl-carousel carousel-fw\" id=\"testimonials-slider\" data-columns=\"2\" data-autoplay=\"\" data-pagination=\"no\" data-arrows=\"yes\" data-single-item=\"no\" data-items-desktop=\"2\" data-items-desktop-small=\"2\" data-items-tablet=\"2\" data-items-mobile=\"1\"  data-rtl=\"ltr\" >\n\n\n\t\t\t            <li class=\"item\">\n                  <blockquote>\n                      <p>Mes enfants veulent visiter tout les mus\u00e9es maintenant! La visite \u00e9tait super !!!<\/p>\n                      <cite>Hannah Hunter<\/cite>\n                  <\/blockquote>\n              <\/li>\n        \n\t\t            <li class=\"item\">\n                  <blockquote>\n                      <p>L&rsquo;exp\u00e9rience \u00e9tait fun, pleine de savoir et inspire beaucoup de perspectives quant \u00e0 la culture africaine.<\/p>\n                      <cite>J\u00e9r\u00e9mie OUEDRAOGO<\/cite>\n                  <\/blockquote>\n              <\/li>\n        \n\t\t\n\t\t<\/ul>\n\t<\/div>              \n<\/div>      \n<\/div><\/div><div id=\"panel-510-5-1-2\" class=\"so-panel widget widget_spacer-widget panel-last-child\" data-index=\"14\" ><div\n\t\t\t\n\t\t\tclass=\"so-widget-spacer-widget so-widget-spacer-widget-base\"\n\t\t\t\n\t\t>\n<div class=\"clearfix\" style=\"height:20px\"><\/div><\/div><\/div><\/div><\/div><\/div><div id=\"pg-510-6\"  class=\"panel-grid panel-no-style\" ><div id=\"pgc-510-6-0\"  class=\"panel-grid-cell\" ><div id=\"panel-510-6-0-0\" class=\"so-panel widget widget_spacer-widget panel-first-child\" data-index=\"15\" ><div\n\t\t\t\n\t\t\tclass=\"so-widget-spacer-widget so-widget-spacer-widget-base\"\n\t\t\t\n\t\t>\n<div class=\"clearfix\" style=\"height:60px\"><\/div><\/div><\/div><div id=\"panel-510-6-0-1\" class=\"so-panel widget widget_sow-editor\" data-index=\"16\" ><div\n\t\t\t\n\t\t\tclass=\"so-widget-sow-editor so-widget-sow-editor-base\"\n\t\t\t\n\t\t>\n<div class=\"siteorigin-widget-tinymce textwidget\">\n\t<h2 style=\"text-align: center;\">Nos Partenaires<\/h2>\n<\/div>\n<\/div><\/div><div id=\"panel-510-6-0-2\" class=\"so-panel widget widget_carousel-widget\" data-index=\"17\" ><div\n\t\t\t\n\t\t\tclass=\"so-widget-carousel-widget so-widget-carousel-widget-base\"\n\t\t\t\n\t\t><div class=\"carousel-container\">\n<ul class=\"owl-carousel owl-theme\" data-columns=\"3\" data-autoplay=\"\" data-pagination=\"yes\" data-arrows=\"no\" data-single-item=\"no\" data-items-desktop=\"3\" data-items-desktop-small=\"3\" data-items-tablet=\"2\" data-items-mobile=\"1\"  data-rtl=\"ltr\" >\n<li class=\"item\"><a href=\"https:\/\/web.facebook.com\/mcrpburkina\/?locale=fr_FR&#038;_rdc=1&#038;_rdr\" target=\"_blank\"><img decoding=\"async\" src=\"https:\/\/manega.net\/wp-content\/uploads\/2024\/01\/Ministere_de_la_communication_de_la_culture.png\" alt=\"Image\"><\/a>                <\/li><li class=\"item\"><a href=\"https:\/\/icom-burkina-faso.mini.icom.museum\/homepage\/bienvenue\/presentation\/\" target=\"_blank\"><img decoding=\"async\" src=\"https:\/\/manega.net\/wp-content\/uploads\/2024\/01\/icom_Burkina.png\" alt=\"Image\"><\/a>                <\/li><li class=\"item\"><a href=\"https:\/\/web.facebook.com\/p\/Association-des-Jeunes-Visionnaires-100068866213232\/?paipv=0&#038;eav=AfZC9Bl4KM-jib5Cz3EbkL3IBCuve81IinkNoi6_6QRQ_7ikEonvXXRFYq6j1RSE2qE&#038;_rdc=1&#038;_rdr\" target=\"_blank\"><img decoding=\"async\" src=\"https:\/\/manega.net\/wp-content\/uploads\/2024\/01\/ajv.png\" alt=\"Image\"><\/a>                <\/li><li class=\"item\"><a href=\"https:\/\/web.facebook.com\/songtaaba.manega\" target=\"_blank\"><img decoding=\"async\" src=\"https:\/\/manega.net\/wp-content\/uploads\/2024\/01\/soongtaaba.png\" alt=\"Image\"><\/a>                <\/li><li class=\"item\"><a href=\"https:\/\/am-digitalempire.com\/\" target=\"_blank\"><img decoding=\"async\" src=\"https:\/\/manega.net\/wp-content\/uploads\/2024\/01\/digital.png\" alt=\"Image\"><\/a>                <\/li><li class=\"item\"><a href=\"https:\/\/web.facebook.com\/profile.php?id=100063714901762\" target=\"_blank\"><img decoding=\"async\" src=\"https:\/\/manega.net\/wp-content\/uploads\/2024\/06\/digitalsonoreplus.png\" alt=\"Image\"><\/a>                <\/li><li class=\"item\"><img decoding=\"async\" src=\"https:\/\/manega.net\/wp-content\/uploads\/2024\/06\/CAPP.png\" alt=\"Image\">                <\/li><li class=\"item\"><a href=\"https:\/\/web.facebook.com\/profile.php?id=100063506172750\" target=\"_blank\"><img decoding=\"async\" src=\"https:\/\/manega.net\/wp-content\/uploads\/2024\/06\/burkinmaamkietta.png\" alt=\"Image\"><\/a>                <\/li><li class=\"item\"><a href=\"https:\/\/web.facebook.com\/WeLoveDecoration\" target=\"_blank\"><img decoding=\"async\" src=\"https:\/\/manega.net\/wp-content\/uploads\/2024\/06\/ZEPHYR.png\" alt=\"Image\"><\/a>                <\/li><\/ul>\n<\/div><\/div><\/div><div id=\"panel-510-6-0-3\" class=\"so-panel widget widget_spacer-widget panel-last-child\" data-index=\"18\" ><div\n\t\t\t\n\t\t\tclass=\"so-widget-spacer-widget so-widget-spacer-widget-base\"\n\t\t\t\n\t\t>\n<div class=\"clearfix\" style=\"height:60px\"><\/div><\/div><\/div><\/div><div id=\"pgc-510-6-1\"  class=\"panel-grid-cell\" ><div id=\"panel-510-6-1-0\" class=\"so-panel widget widget_spacer-widget panel-first-child\" data-index=\"19\" ><div\n\t\t\t\n\t\t\tclass=\"so-widget-spacer-widget so-widget-spacer-widget-base\"\n\t\t\t\n\t\t>\n<div class=\"clearfix\" style=\"height:30px\"><\/div><\/div><\/div><div id=\"panel-510-6-1-1\" class=\"so-panel widget widget_iconbox-widget\" data-index=\"20\" ><div\n\t\t\t\n\t\t\tclass=\"so-widget-iconbox-widget so-widget-iconbox-widget-base\"\n\t\t\t\n\t\t>\n\n<div class=\"icon-box standard ibox-plain standard standard\" data-appear-animation=\"fadeInLeft\">\n    <div class=\"ibox-icon\" >\n        <span class=\"sow-icon-fontawesome sow-fas\" data-sow-icon=\"&#xf689;\"\n\t\tstyle=\"color: #999999\" \n\t\taria-hidden=\"true\"><\/span>    <\/div>\n    <h3>Visites<\/h3>    <p>Visite possible tous les jours<\/p><\/div><\/div><\/div><div id=\"panel-510-6-1-2\" class=\"so-panel widget widget_iconbox-widget\" data-index=\"21\" ><div\n\t\t\t\n\t\t\tclass=\"so-widget-iconbox-widget so-widget-iconbox-widget-base\"\n\t\t\t\n\t\t>\n\n<div class=\"icon-box standard ibox-plain standard standard\" data-appear-animation=\"fadeInLeft\">\n    <div class=\"ibox-icon\" >\n        <span class=\"sow-icon-fontawesome sow-fas\" data-sow-icon=\"&#xf67f;\"\n\t\tstyle=\"color: #999999\" \n\t\taria-hidden=\"true\"><\/span>    <\/div>\n    <h3>At\u00e9liers<\/h3>    <p>Bien organis\u00e9s pour des d\u00e9couvertes in\u00e9dites<\/p><\/div><\/div><\/div><div id=\"panel-510-6-1-3\" class=\"so-panel widget widget_iconbox-widget\" data-index=\"22\" ><div\n\t\t\t\n\t\t\tclass=\"so-widget-iconbox-widget so-widget-iconbox-widget-base\"\n\t\t\t\n\t\t>\n\n<div class=\"icon-box standard ibox-plain standard standard\" data-appear-animation=\"fadeInLeft\">\n    <div class=\"ibox-icon\" >\n        <span class=\"sow-icon-fontawesome sow-fas\" data-sow-icon=\"&#xf164;\"\n\t\tstyle=\"color: #999999\" \n\t\taria-hidden=\"true\"><\/span>    <\/div>\n    <h3>Animations<\/h3>    <p>Des animateurs comp\u00e9tents et \u00e0 votre \u00e9coute<\/p><\/div><\/div><\/div><div id=\"panel-510-6-1-4\" class=\"so-panel widget widget_iconbox-widget\" data-index=\"23\" ><div\n\t\t\t\n\t\t\tclass=\"so-widget-iconbox-widget so-widget-iconbox-widget-base\"\n\t\t\t\n\t\t>\n\n<div class=\"icon-box standard ibox-plain standard standard\" data-appear-animation=\"fadeInLeft\">\n    <div class=\"ibox-icon\" >\n        <span class=\"sow-icon-fontawesome sow-fas\" data-sow-icon=\"&#xf1b2;\"\n\t\tstyle=\"color: #999999\" \n\t\taria-hidden=\"true\"><\/span>    <\/div>\n    <h3>D\u00e9couvertes<\/h3>    <p>Le patrimoine de Man\u00e9ga<\/p><\/div><\/div><\/div><div id=\"panel-510-6-1-5\" class=\"so-panel widget widget_spacer-widget panel-last-child\" data-index=\"24\" ><div\n\t\t\t\n\t\t\tclass=\"so-widget-spacer-widget so-widget-spacer-widget-base\"\n\t\t\t\n\t\t>\n<div class=\"clearfix\" style=\"height:50px\"><\/div><\/div><\/div><\/div><\/div><div id=\"pg-510-7\"  class=\"panel-grid panel-has-style\" ><div class=\"parallax parallax1 siteorigin-panels-stretch panel-row-style panel-row-style-for-510-7\" data-stretch-type=\"full\" ><div id=\"pgc-510-7-0\"  class=\"panel-grid-cell\" ><div id=\"panel-510-7-0-0\" class=\"so-panel widget widget_counter-widget panel-first-child panel-last-child\" data-index=\"25\" ><div\n\t\t\t\n\t\t\tclass=\"so-widget-counter-widget so-widget-counter-widget-base\"\n\t\t\t\n\t\t>\n<div class=\"countdown\">\n<div class=\"fact-ico\">\n<span class=\"sow-icon-icomoon\" data-sow-icon=\"&#xe900;\"\n\t\tstyle=\"font-size: 64px; color: #ffffff\" \n\t\taria-hidden=\"true\"><\/span> <\/div>\n<div class=\"clearfix\"><\/div>\n<div class=\"timer\" data-perc=\"12\"> <span class=\"count\" style=\"color:#ffffff\">12<\/span> <\/div>\n<div class=\"clearfix\"><\/div>\n<span class=\"fact\" style=\"color:#e5e5e5\">A visiter<\/span>\n<\/div><\/div><\/div><\/div><div id=\"pgc-510-7-1\"  class=\"panel-grid-cell\" ><div id=\"panel-510-7-1-0\" class=\"so-panel widget widget_counter-widget panel-first-child panel-last-child\" data-index=\"26\" ><div\n\t\t\t\n\t\t\tclass=\"so-widget-counter-widget so-widget-counter-widget-base\"\n\t\t\t\n\t\t>\n<div class=\"countdown\">\n<div class=\"fact-ico\">\n<span class=\"sow-icon-icomoon\" data-sow-icon=\"&#xe921;\"\n\t\tstyle=\"font-size: 64px; color: #ffffff\" \n\t\taria-hidden=\"true\"><\/span> <\/div>\n<div class=\"clearfix\"><\/div>\n<div class=\"timer\" data-perc=\"875\"> <span class=\"count\" style=\"color:#ffffff\">875<\/span> <\/div>\n<div class=\"clearfix\"><\/div>\n<span class=\"fact\" style=\"color:#e5e5e5\">Total des visites<\/span>\n<\/div><\/div><\/div><\/div><div id=\"pgc-510-7-2\"  class=\"panel-grid-cell\" ><div id=\"panel-510-7-2-0\" class=\"so-panel widget widget_counter-widget panel-first-child panel-last-child\" data-index=\"27\" ><div\n\t\t\t\n\t\t\tclass=\"so-widget-counter-widget so-widget-counter-widget-base\"\n\t\t\t\n\t\t>\n<div class=\"countdown\">\n<div class=\"fact-ico\">\n<span class=\"sow-icon-icomoon\" data-sow-icon=\"&#xe948;\"\n\t\tstyle=\"font-size: 64px; color: #ffffff\" \n\t\taria-hidden=\"true\"><\/span> <\/div>\n<div class=\"clearfix\"><\/div>\n<div class=\"timer\" data-perc=\"300\"> <span class=\"count\" style=\"color:#ffffff\">300<\/span> <\/div>\n<div class=\"clearfix\"><\/div>\n<span class=\"fact\" style=\"color:#e5e5e5\">Visiteurs actuels<\/span>\n<\/div><\/div><\/div><\/div><div id=\"pgc-510-7-3\"  class=\"panel-grid-cell\" ><div id=\"panel-510-7-3-0\" class=\"so-panel widget widget_counter-widget panel-first-child panel-last-child\" data-index=\"28\" ><div\n\t\t\t\n\t\t\tclass=\"so-widget-counter-widget so-widget-counter-widget-base\"\n\t\t\t\n\t\t>\n<div class=\"countdown\">\n<div class=\"fact-ico\">\n<span class=\"sow-icon-icomoon\" data-sow-icon=\"&#xe91a;\"\n\t\tstyle=\"font-size: 64px; color: #ffffff\" \n\t\taria-hidden=\"true\"><\/span> <\/div>\n<div class=\"clearfix\"><\/div>\n<div class=\"timer\" data-perc=\"211\"> <span class=\"count\" style=\"color:#ffffff\">211<\/span> <\/div>\n<div class=\"clearfix\"><\/div>\n<span class=\"fact\" style=\"color:#e5e5e5\">En\u00e8nements<\/span>\n<\/div><\/div><\/div><\/div><\/div><\/div><\/div>","protected":false},"excerpt":{"rendered":"<p>Nos \u00e9v\u00e8nements Les commentaires des visiteurs \u00e0 propos de leurs exp\u00e9riences \u00e0 Man\u00e9ga Nos Partenaires<\/p>\n","protected":false},"author":1,"featured_media":0,"parent":0,"menu_order":0,"comment_status":"closed","ping_status":"closed","template":"","meta":{"footnotes":""},"class_list":["post-510","page","type-page","status-publish","hentry"],"_links":{"self":[{"href":"https:\/\/manega.net\/index.php\/wp-json\/wp\/v2\/pages\/510","targetHints":{"allow":["GET"]}}],"collection":[{"href":"https:\/\/manega.net\/index.php\/wp-json\/wp\/v2\/pages"}],"about":[{"href":"https:\/\/manega.net\/index.php\/wp-json\/wp\/v2\/types\/page"}],"author":[{"embeddable":true,"href":"https:\/\/manega.net\/index.php\/wp-json\/wp\/v2\/users\/1"}],"replies":[{"embeddable":true,"href":"https:\/\/manega.net\/index.php\/wp-json\/wp\/v2\/comments?post=510"}],"version-history":[{"count":79,"href":"https:\/\/manega.net\/index.php\/wp-json\/wp\/v2\/pages\/510\/revisions"}],"predecessor-version":[{"id":1380,"href":"https:\/\/manega.net\/index.php\/wp-json\/wp\/v2\/pages\/510\/revisions\/1380"}],"wp:attachment":[{"href":"https:\/\/manega.net\/index.php\/wp-json\/wp\/v2\/media?parent=510"}],"curies":[{"name":"wp","href":"https:\/\/api.w.org\/{rel}","templated":true}]}}