{"id":947,"date":"2020-01-01T23:24:30","date_gmt":"2020-01-01T22:24:30","guid":{"rendered":"https:\/\/manega.net\/?page_id=947"},"modified":"2020-01-01T23:24:30","modified_gmt":"2020-01-01T22:24:30","slug":"le-musee","status":"publish","type":"page","link":"https:\/\/manega.net\/index.php\/le-musee\/","title":{"rendered":"Le mus\u00e9e"},"content":{"rendered":"<div id=\"pl-947\"  class=\"panel-layout\" ><div id=\"pg-947-0\"  class=\"panel-grid panel-no-style\" ><div id=\"pgc-947-0-0\"  class=\"panel-grid-cell\" ><div id=\"panel-947-0-0-0\" class=\"so-panel widget widget_sow-editor panel-first-child panel-last-child\" data-index=\"0\" ><div\n\t\t\t\n\t\t\tclass=\"so-widget-sow-editor so-widget-sow-editor-base\"\n\t\t\t\n\t\t>\n<div class=\"siteorigin-widget-tinymce textwidget\">\n\t<p style=\"text-align: left;\">Amis de la culture, ne parcourez plus le monde, Allez, Allez \u00e0 Man\u00e9ga !<br \/>\nEn Afrique, l'homme ne meurt jamais ; il change seulement de nature, il change seulement de contr\u00e9e.<br \/>\nLa Culture d\u00e8s lors rel\u00e8ve forc\u00e9ment du sacr\u00e9, qu'ant\u00e9riorisent ou qu'ext\u00e9riorisent en enrichissant l'homme et son environnement, ce qui fait toujours vivre les morts, les vivants et ceux \u00e0 na\u00eetre.<\/p>\n<p>Le Mus\u00e9e de la Bendrologie \u00e0 Man\u00e9ga n'est pas de ces mus\u00e9es d'observatoires \u00e0 distance sans retour o\u00f9 des patrimoines de l'humanit\u00e9 subissent des vivisections, \u00e0 moins d'\u00eatre victime de condescendance, d'indiff\u00e9rence, d'oubli, ou proie d'autodaf\u00e9es d'un tourisme d\u00e9pr\u00e9dateur \u00e0 h\u00e9morragies sans garot.<br \/>\nL'Ami qui visite le Mus\u00e9e de la Bendrologie devient un \u00e9l\u00e9ment int\u00e9gr\u00e9 de l'intelligence en mouvement, o\u00f9 l'homme, pour comprendre doit \u00eatre muni de trois yeux.<\/p>\n<p>C'est pour cela qu'au service de l'Afrique profonde, le Mus\u00e9e de Man\u00e9ga s'est surtout sp\u00e9cialis\u00e9 dans le SACRE qui p\u00e9rennise par collectes, recherches, pr\u00e9servations difficiles, souvent impossibles de l'information au service de la compr\u00e9hension entre les civilisations, contre le pillage des objets d'Art du continent, l'ethnocide, les g\u00e9nocides de cultures.<\/p>\n<p>Sous r\u00e9serve des extensions et acquisitions en cours, le Mus\u00e9e pr\u00e9sente :<\/p>\n<ul>\n<li>500 Masques sacr\u00e9s ayant tous particip\u00e9 \u00e0 des rituels devant des morts ;<br \/>\nPlusieurs dizaines de YAKOUGA ou pierres Tombales \u00e0 effigies d'hommes datant de plusieurs mill\u00e9naires et dont l'\u00e2ge des roches se situe entre 2 600 000 000 d'ann\u00e9es et 1 600 000 000 d'ann\u00e9es, \u00e9l\u00e9ments des plus anciens des cultures d'Afrique ;<\/li>\n<li>200 Fusils \u00e0 pierre d'avant souvent l'\u00e9poque coloniale ;<\/li>\n<li>Le Pavillon de la mort o\u00f9 l'homme d\u00e9chauss\u00e9, d\u00e9coiff\u00e9, doit rentrer et sortir \u00e0 reculon, prescription de l'a\u00f9-del\u00e0 ;<\/li>\n<li>Les Empires culturels, Dogon, Peulh, Bobo, Moss\u00e9, S\u00e9noufo, Nuni. La case noire des Mystiques Younyons\u00e9, etc. ;<\/li>\n<li>Des grands Prix Nationaux d'art des bronziers antiques \u00e0 cire perdue du Burkina Faso. Des acquisitions d'autres mus\u00e9es ;<\/li>\n<li>Des immobilisations impressionnantes, r\u00e9pliques authentiques des habitats traditionnels ;<\/li>\n<li>Des salles am\u00e9nag\u00e9es libres pour colloques ou congr\u00e8s, d'\u00e9vasion ou de recueillement, loin des bruits et tumultes de la ville ;<\/li>\n<li>Des objets souvenirs et ouvrages du fondateur.<\/li>\n<\/ul>\n<p>Man\u00e9ga, le Mus\u00e9e de Man\u00e9ga, c'est l'Univers d'un univers situ\u00e9 \u00e0 50 kilom\u00e8tres au nord de Ouagadougou au Burkina Faso sur l'axe Ouagadougou - Kongoussi (Route de Pabr\u00e9).<\/p>\n<\/div>\n<\/div><\/div><\/div><\/div><\/div>","protected":false},"excerpt":{"rendered":"<p>Amis de la culture, ne parcourez plus le monde, Allez, Allez \u00e0 Man\u00e9ga ! En Afrique, l&rsquo;homme ne meurt jamais ; il change seulement de nature, il change seulement de contr\u00e9e. La Culture d\u00e8s lors rel\u00e8ve forc\u00e9ment du sacr\u00e9, qu&rsquo;ant\u00e9riorisent ou qu&rsquo;ext\u00e9riorisent en enrichissant l&rsquo;homme et son environnement, ce qui fait toujours vivre les morts, les vivants et ceux \u00e0 na\u00eetre. Le Mus\u00e9e de la Bendrologie \u00e0 Man\u00e9ga n&rsquo;est pas de ces mus\u00e9es d&rsquo;observatoires \u00e0 distance sans retour o\u00f9 des patrimoines de l&rsquo;humanit\u00e9 subissent des vivisections, \u00e0 moins d&rsquo;\u00eatre victime de condescendance, d&rsquo;indiff\u00e9rence, d&rsquo;oubli, ou proie d&rsquo;autodaf\u00e9es d&rsquo;un tourisme d\u00e9pr\u00e9dateur \u00e0 h\u00e9morragies sans garot. L&rsquo;Ami qui visite le Mus\u00e9e de la Bendrologie devient un \u00e9l\u00e9ment int\u00e9gr\u00e9 de l&rsquo;intelligence en mouvement, o\u00f9 l&rsquo;homme, pour comprendre doit \u00eatre muni de trois yeux. C&rsquo;est pour cela qu&rsquo;au service de l&rsquo;Afrique profonde, le Mus\u00e9e de Man\u00e9ga s&rsquo;est surtout sp\u00e9cialis\u00e9 dans le SACRE qui p\u00e9rennise par collectes, recherches, pr\u00e9servations difficiles, souvent impossibles de l&rsquo;information au service de la compr\u00e9hension entre les civilisations, contre le pillage des objets d&rsquo;Art du continent, l&rsquo;ethnocide, les g\u00e9nocides de cultures. Sous r\u00e9serve des extensions et acquisitions en cours, le Mus\u00e9e pr\u00e9sente : 500 Masques sacr\u00e9s ayant tous particip\u00e9 \u00e0 des rituels devant des morts ; Plusieurs dizaines de YAKOUGA ou pierres Tombales \u00e0 effigies d&rsquo;hommes datant de plusieurs mill\u00e9naires et dont l&rsquo;\u00e2ge des roches se situe entre 2 600 000 000 d&rsquo;ann\u00e9es et 1 600 000 000 d&rsquo;ann\u00e9es, \u00e9l\u00e9ments des plus anciens des cultures d&rsquo;Afrique ; 200 Fusils \u00e0 pierre d&rsquo;avant souvent l&rsquo;\u00e9poque coloniale ; Le Pavillon de la mort o\u00f9 l&rsquo;homme d\u00e9chauss\u00e9, d\u00e9coiff\u00e9, doit rentrer et sortir \u00e0 reculon, prescription de l&rsquo;a\u00f9-del\u00e0 ; Les Empires culturels, Dogon, Peulh, Bobo, Moss\u00e9, S\u00e9noufo, Nuni. La case noire des Mystiques Younyons\u00e9, etc. ; Des grands Prix Nationaux d&rsquo;art des bronziers antiques \u00e0 cire perdue du Burkina Faso. Des acquisitions d&rsquo;autres mus\u00e9es ; Des immobilisations impressionnantes, r\u00e9pliques authentiques des habitats traditionnels ; Des salles am\u00e9nag\u00e9es libres pour colloques ou congr\u00e8s, d&rsquo;\u00e9vasion ou de recueillement, loin des bruits et tumultes de la ville ; Des objets souvenirs et ouvrages du fondateur. Man\u00e9ga, le Mus\u00e9e de Man\u00e9ga, c&rsquo;est l&rsquo;Univers d&rsquo;un univers situ\u00e9 \u00e0 50 kilom\u00e8tres au nord de Ouagadougou au Burkina Faso sur l&rsquo;axe Ouagadougou &#8211; Kongoussi (Route de Pabr\u00e9).<\/p>\n","protected":false},"author":1,"featured_media":0,"parent":0,"menu_order":0,"comment_status":"closed","ping_status":"closed","template":"","meta":{"footnotes":""},"class_list":["post-947","page","type-page","status-publish","hentry"],"_links":{"self":[{"href":"https:\/\/manega.net\/index.php\/wp-json\/wp\/v2\/pages\/947","targetHints":{"allow":["GET"]}}],"collection":[{"href":"https:\/\/manega.net\/index.php\/wp-json\/wp\/v2\/pages"}],"about":[{"href":"https:\/\/manega.net\/index.php\/wp-json\/wp\/v2\/types\/page"}],"author":[{"embeddable":true,"href":"https:\/\/manega.net\/index.php\/wp-json\/wp\/v2\/users\/1"}],"replies":[{"embeddable":true,"href":"https:\/\/manega.net\/index.php\/wp-json\/wp\/v2\/comments?post=947"}],"version-history":[{"count":10,"href":"https:\/\/manega.net\/index.php\/wp-json\/wp\/v2\/pages\/947\/revisions"}],"predecessor-version":[{"id":957,"href":"https:\/\/manega.net\/index.php\/wp-json\/wp\/v2\/pages\/947\/revisions\/957"}],"wp:attachment":[{"href":"https:\/\/manega.net\/index.php\/wp-json\/wp\/v2\/media?parent=947"}],"curies":[{"name":"wp","href":"https:\/\/api.w.org\/{rel}","templated":true}]}}